{"id":18968,"date":"2023-03-21T11:09:24","date_gmt":"2023-03-21T10:09:24","guid":{"rendered":"https:\/\/kami.dk\/fire-doors-2\/"},"modified":"2023-10-18T10:58:07","modified_gmt":"2023-10-18T08:58:07","slug":"fire-doors-2","status":"publish","type":"page","link":"https:\/\/kami.dk\/en\/fire-doors-2\/","title":{"rendered":"Fire doors"},"content":{"rendered":"<p>[et_pb_section fb_built=&#8221;1&#8243; admin_label=&#8221;Hero&#8221; _builder_version=&#8221;4.22.1&#8243; use_background_color_gradient=&#8221;on&#8221; background_color_gradient_type=&#8221;circular&#8221; background_color_gradient_direction_radial=&#8221;top left&#8221; background_color_gradient_stops=&#8221;rgba(40,40,40,0.79) 0%|rgba(40,40,40,0.86) 100%&#8221; background_color_gradient_overlays_image=&#8221;on&#8221; background_color_gradient_start=&#8221;rgba(40,40,40,0.79)&#8221; background_color_gradient_end=&#8221;rgba(40,40,40,0.86)&#8221; background_image=&#8221;https:\/\/kami.dk\/wp-content\/uploads\/2023\/06\/Header-Logo-KAMI.webp&#8221; custom_margin=&#8221;||||false&#8221; custom_padding=&#8221;6vw||6vw||true|false&#8221; hover_enabled=&#8221;0&#8243; locked=&#8221;off&#8221; global_colors_info=&#8221;{}&#8221; title_text=&#8221;Header Logo KAMI&#8221; background_blend=&#8221;screen&#8221; sticky_enabled=&#8221;0&#8243;][et_pb_row _builder_version=&#8221;4.20.1&#8243; global_colors_info=&#8221;{}&#8221;][et_pb_column type=&#8221;4_4&#8243; _builder_version=&#8221;4.16&#8243; custom_padding=&#8221;|||&#8221; global_colors_info=&#8221;{}&#8221; custom_padding__hover=&#8221;|||&#8221;][et_pb_text _builder_version=&#8221;4.20.1&#8243; text_font=&#8221;||||||||&#8221; header_font=&#8221;Rubik|700|||||||&#8221; header_font_size=&#8221;64px&#8221; header_line_height=&#8221;1.1em&#8221; background_layout=&#8221;dark&#8221; max_width=&#8221;800px&#8221; custom_margin=&#8221;||0px|&#8221; custom_padding=&#8221;|0px||16px|false|false&#8221; text_font_size_tablet=&#8221;14px&#8221; text_font_size_last_edited=&#8221;off|desktop&#8221; header_font_size_tablet=&#8221;44px&#8221; header_font_size_phone=&#8221;32px&#8221; border_color_all=&#8221;#247ABE&#8221; border_width_left=&#8221;10px&#8221; global_colors_info=&#8221;{}&#8221;]<\/p>\n<h1>Fire doors &#8211; indoor and outdoor<\/h1>\n<p>[\/et_pb_text][\/et_pb_column][\/et_pb_row][\/et_pb_section][et_pb_section fb_built=&#8221;1&#8243; admin_label=&#8221; Get a Quote&#8221; _builder_version=&#8221;4.22.0&#8243; custom_padding=&#8221;|0px|5%|0px|false|false&#8221; animation_direction=&#8221;top&#8221; locked=&#8221;off&#8221; global_colors_info=&#8221;{}&#8221;][et_pb_row custom_padding_last_edited=&#8221;on|tablet&#8221; _builder_version=&#8221;4.21.0&#8243; custom_margin=&#8221;|auto|-88px|auto||&#8221; custom_padding=&#8221;||9px||false|false&#8221; custom_padding_tablet=&#8221;|40px||40px||true&#8221; custom_padding_phone=&#8221;|0px||0px|false|true&#8221; global_colors_info=&#8221;{}&#8221;][et_pb_column type=&#8221;4_4&#8243; _builder_version=&#8221;4.16&#8243; custom_padding=&#8221;|||&#8221; global_colors_info=&#8221;{}&#8221; custom_padding__hover=&#8221;|||&#8221;][et_pb_text _builder_version=&#8221;4.22.0&#8243; text_font=&#8221;||||||||&#8221; text_line_height=&#8221;1.8em&#8221; hover_enabled=&#8221;0&#8243; locked=&#8221;off&#8221; global_colors_info=&#8221;{}&#8221; sticky_enabled=&#8221;0&#8243;]<\/p>\n<p>Whether it&#8217;s A, B or C-class doors, KAMI will ask relevant questions for the job.<\/p>\n<p>There are several different European\/international suppliers. KAMI advises and offers the best solution for the project.<\/p>\n<p>We share our experience with customers. Wrong doors can be a costly affair &#8211; prevent it.<\/p>\n<p>&nbsp;<\/p>\n<p style=\"text-align: right;\"> <strong><em>&#8220;With our suppliers, we often get to the front of the queue, to the great benefit of our customers&#8221;<\/em><\/strong><\/p>\n<p style=\"text-align: right;\"><strong>Rico Sieron<\/strong><\/p>\n<p style=\"text-align: left;\">Most of our partners are from Europe and we can therefore offer transportation and delivery within 24 hours. KAMI supplies the leading shipyards, installation companies and shipping companies in Denmark and Scandinavia.<\/p>\n<p style=\"text-align: left;\">[\/et_pb_text][\/et_pb_column][\/et_pb_row][\/et_pb_section][et_pb_section fb_built=&#8221;1&#8243; admin_label=&#8221;Service&#8221; _builder_version=&#8221;4.19.5&#8243; background_color=&#8221;#F7F7F7&#8243; locked=&#8221;off&#8221; global_colors_info=&#8221;{}&#8221;][et_pb_row _builder_version=&#8221;4.19.5&#8243; background_enable_color=&#8221;off&#8221; global_colors_info=&#8221;{}&#8221;][et_pb_column type=&#8221;4_4&#8243; _builder_version=&#8221;4.16&#8243; custom_padding=&#8221;|||&#8221; global_colors_info=&#8221;{}&#8221; custom_padding__hover=&#8221;|||&#8221;][et_pb_text _builder_version=&#8221;4.21.0&#8243; text_font=&#8221;||||||||&#8221; header_font=&#8221;||||||||&#8221; text_orientation=&#8221;center&#8221; module_alignment=&#8221;center&#8221; custom_margin=&#8221;|||&#8221; custom_padding=&#8221;|||&#8221; header_2_font_size_tablet=&#8221;30px&#8221; locked=&#8221;off&#8221; global_colors_info=&#8221;{}&#8221;]<\/p>\n<h2>We offer sales and advice on maritime fire doors<\/h2>\n<p>[\/et_pb_text][et_pb_divider color=&#8221;#247ABE&#8221; divider_position=&#8221;center&#8221; divider_weight=&#8221;5px&#8221; _builder_version=&#8221;4.19.4&#8243; max_width=&#8221;50px&#8221; module_alignment=&#8221;center&#8221; custom_margin=&#8221;3%||3%||true|false&#8221; locked=&#8221;off&#8221; global_colors_info=&#8221;{}&#8221;][\/et_pb_divider][\/et_pb_column][\/et_pb_row][et_pb_row column_structure=&#8221;1_2,1_2&#8243; use_custom_gutter=&#8221;on&#8221; gutter_width=&#8221;2&#8243; make_equal=&#8221;on&#8221; _builder_version=&#8221;4.19.5&#8243; _module_preset=&#8221;default&#8221; max_width=&#8221;80%&#8221; overflow-x=&#8221;hidden&#8221; overflow-y=&#8221;hidden&#8221; custom_padding=&#8221;0px|0px|0px|0px|true|false&#8221; global_colors_info=&#8221;{}&#8221;][et_pb_column type=&#8221;1_2&#8243; _builder_version=&#8221;4.19.5&#8243; _module_preset=&#8221;default&#8221; use_background_color_gradient=&#8221;on&#8221; background_color_gradient_stops=&#8221;rgba(36,122,190,0.08) 0%|#0a0000 100%&#8221; background_color_gradient_overlays_image=&#8221;on&#8221; background_image=&#8221;https:\/\/kami.dk\/wp-content\/uploads\/2022\/12\/Replacement-photo-hero.png&#8221; global_colors_info=&#8221;{}&#8221;][et_pb_text _builder_version=&#8221;4.22.0&#8243; _module_preset=&#8221;default&#8221; header_3_font=&#8221;Rubik|700|||||||&#8221; header_3_font_size=&#8221;18px&#8221; header_5_font=&#8221;Rubik|700|||||||&#8221; header_5_font_size=&#8221;18px&#8221; background_image=&#8221;https:\/\/kami.dk\/wp-content\/uploads\/2023\/06\/19.34.136_front_orange.webp&#8221; background_layout=&#8221;dark&#8221; custom_margin=&#8221;||||false|false&#8221; custom_padding=&#8221;50%|10%||10%|false|true&#8221; global_colors_info=&#8221;{}&#8221;]<\/p>\n<p>&nbsp;<\/p>\n<p>&nbsp;<\/p>\n<p>&nbsp;<\/p>\n<p>[\/et_pb_text][\/et_pb_column][et_pb_column type=&#8221;1_2&#8243; _builder_version=&#8221;4.19.5&#8243; _module_preset=&#8221;default&#8221; use_background_color_gradient=&#8221;on&#8221; background_color_gradient_stops=&#8221;rgba(36,122,190,0.08) 0%|#0a0000 100%&#8221; background_color_gradient_overlays_image=&#8221;on&#8221; background_image=&#8221;https:\/\/kami.dk\/wp-content\/uploads\/2022\/12\/Replacement-photo-hero.png&#8221; global_colors_info=&#8221;{}&#8221;][et_pb_text _builder_version=&#8221;4.21.0&#8243; _module_preset=&#8221;default&#8221; header_3_font=&#8221;Rubik|700|||||||&#8221; header_3_font_size=&#8221;18px&#8221; header_5_font=&#8221;Rubik|700|||||||&#8221; header_5_font_size=&#8221;18px&#8221; background_image=&#8221;https:\/\/kami.dk\/wp-content\/uploads\/2023\/06\/19.34.136_back_orange_new.webp&#8221; background_layout=&#8221;dark&#8221; custom_margin=&#8221;||||false|false&#8221; custom_padding=&#8221;50%|10%||10%|false|true&#8221; global_colors_info=&#8221;{}&#8221;]<\/p>\n<p>&nbsp;<\/p>\n<p>&nbsp;<\/p>\n<p>&nbsp;<\/p>\n<p>[\/et_pb_text][\/et_pb_column][\/et_pb_row][et_pb_row _builder_version=&#8221;4.21.0&#8243; _module_preset=&#8221;default&#8221; global_colors_info=&#8221;{}&#8221;][et_pb_column type=&#8221;4_4&#8243; _builder_version=&#8221;4.21.0&#8243; _module_preset=&#8221;default&#8221; global_colors_info=&#8221;{}&#8221;][\/et_pb_column][\/et_pb_row][et_pb_row column_structure=&#8221;1_2,1_2&#8243; _builder_version=&#8221;4.21.0&#8243; _module_preset=&#8221;default&#8221; global_colors_info=&#8221;{}&#8221;][et_pb_column type=&#8221;1_2&#8243; _builder_version=&#8221;4.21.0&#8243; _module_preset=&#8221;default&#8221; global_colors_info=&#8221;{}&#8221;][et_pb_image src=&#8221;https:\/\/kami.dk\/wp-content\/uploads\/2023\/06\/130x_front_primer.webp&#8221; title_text=&#8221;130x_front_primer&#8221; show_in_lightbox=&#8221;on&#8221; _builder_version=&#8221;4.21.0&#8243; _module_preset=&#8221;default&#8221; global_colors_info=&#8221;{}&#8221;][\/et_pb_image][\/et_pb_column][et_pb_column type=&#8221;1_2&#8243; _builder_version=&#8221;4.21.0&#8243; _module_preset=&#8221;default&#8221; global_colors_info=&#8221;{}&#8221;][et_pb_image src=&#8221;https:\/\/kami.dk\/wp-content\/uploads\/2023\/06\/130x_back_primer.webp&#8221; title_text=&#8221;130x_back_primer&#8221; show_in_lightbox=&#8221;on&#8221; _builder_version=&#8221;4.21.0&#8243; _module_preset=&#8221;default&#8221; global_colors_info=&#8221;{}&#8221;][\/et_pb_image][\/et_pb_column][\/et_pb_row][et_pb_row _builder_version=&#8221;4.21.0&#8243; _module_preset=&#8221;default&#8221; global_colors_info=&#8221;{}&#8221;][et_pb_column type=&#8221;4_4&#8243; _builder_version=&#8221;4.21.0&#8243; _module_preset=&#8221;default&#8221; global_colors_info=&#8221;{}&#8221;][et_pb_text _builder_version=&#8221;4.21.0&#8243; _module_preset=&#8221;default&#8221; background_color=&#8221;#e5e5e5&#8243; global_colors_info=&#8221;{}&#8221;]<\/p>\n<p>&nbsp;<\/p>\n<h4 style=\"text-align: center;\">Maritime fire doors &#8211; The possibilities are endless.<\/h4>\n<h4 style=\"text-align: center;\">If you have an assignment, we can create an easy and clear door plan.<\/h4>\n<h4 style=\"text-align: center;\">C-Class<\/h4>\n<h4 style=\"text-align: center;\">B0 &#8211; B15<\/h4>\n<h4 style=\"text-align: center;\">A0 &#8211; A15 &#8211; A30 &#8211; A60<\/h4>\n<p style=\"text-align: center;\">[\/et_pb_text][\/et_pb_column][\/et_pb_row][et_pb_row _builder_version=&#8221;4.21.0&#8243; _module_preset=&#8221;default&#8221; global_colors_info=&#8221;{}&#8221;][et_pb_column type=&#8221;4_4&#8243; _builder_version=&#8221;4.21.0&#8243; _module_preset=&#8221;default&#8221; global_colors_info=&#8221;{}&#8221;][et_pb_image src=&#8221;https:\/\/kami.dk\/wp-content\/uploads\/2023\/06\/A60-Doer-Kami.webp&#8221; title_text=&#8221;A60 Door Kami&#8221; show_in_lightbox=&#8221;on&#8221; align=&#8221;center&#8221; _builder_version=&#8221;4.21.0&#8243; _module_preset=&#8221;default&#8221; global_colors_info=&#8221;{}&#8221;][\/et_pb_image][\/et_pb_column][\/et_pb_row][\/et_pb_section][et_pb_section fb_built=&#8221;1&#8243; _builder_version=&#8221;4.21.0&#8243; _module_preset=&#8221;default&#8221; global_colors_info=&#8221;{}&#8221;][et_pb_row _builder_version=&#8221;4.19.5&#8243; background_enable_color=&#8221;off&#8221; locked=&#8221;off&#8221; global_colors_info=&#8221;{}&#8221;][et_pb_column type=&#8221;4_4&#8243; _builder_version=&#8221;4.16&#8243; custom_padding=&#8221;|||&#8221; global_colors_info=&#8221;{}&#8221; custom_padding__hover=&#8221;|||&#8221;][et_pb_text _builder_version=&#8221;4.21.0&#8243; text_font=&#8221;||||||||&#8221; header_font=&#8221;||||||||&#8221; text_orientation=&#8221;center&#8221; module_alignment=&#8221;center&#8221; custom_margin=&#8221;|||&#8221; custom_padding=&#8221;|||&#8221; header_2_font_size_tablet=&#8221;30px&#8221; locked=&#8221;off&#8221; global_colors_info=&#8221;{}&#8221;]<\/p>\n<h2>We also offer services like these<\/h2>\n<p>[\/et_pb_text][et_pb_divider color=&#8221;#247ABE&#8221; divider_position=&#8221;center&#8221; divider_weight=&#8221;5px&#8221; _builder_version=&#8221;4.19.4&#8243; max_width=&#8221;50px&#8221; module_alignment=&#8221;center&#8221; custom_margin=&#8221;3%||3%||true|false&#8221; locked=&#8221;off&#8221; global_colors_info=&#8221;{}&#8221;][\/et_pb_divider][\/et_pb_column][\/et_pb_row][et_pb_row column_structure=&#8221;1_2,1_2&#8243; use_custom_gutter=&#8221;on&#8221; gutter_width=&#8221;2&#8243; make_equal=&#8221;on&#8221; _builder_version=&#8221;4.21.0&#8243; _module_preset=&#8221;default&#8221; width_tablet=&#8221;&#8221; width_phone=&#8221;&#8221; width_last_edited=&#8221;on|phone&#8221; max_width=&#8221;700px&#8221; overflow-x=&#8221;hidden&#8221; overflow-y=&#8221;hidden&#8221; custom_padding=&#8221;0px|0px|0px|0px|true|false&#8221; locked=&#8221;off&#8221; global_colors_info=&#8221;{}&#8221;][et_pb_column type=&#8221;1_2&#8243; _builder_version=&#8221;4.21.0&#8243; _module_preset=&#8221;default&#8221; use_background_color_gradient=&#8221;on&#8221; background_color_gradient_stops=&#8221;rgba(36,122,190,0.08) 0%|#0a0000 100%&#8221; background_color_gradient_overlays_image=&#8221;on&#8221; background_image=&#8221;https:\/\/kami.dk\/wp-content\/uploads\/2023\/06\/Kami-Ventilation-Marine.webp&#8221; global_colors_info=&#8221;{}&#8221;][et_pb_text _builder_version=&#8221;4.21.0&#8243; _dynamic_attributes=&#8221;link_option_url&#8221; _module_preset=&#8221;default&#8221; text_text_color=&#8221;#247ABE&#8221; header_3_font=&#8221;Rubik|700|||||||&#8221; header_3_font_size=&#8221;18px&#8221; header_5_font=&#8221;Rubik|700|||||||&#8221; header_5_font_size=&#8221;18px&#8221; background_layout=&#8221;dark&#8221; custom_margin=&#8221;||||false|false&#8221; custom_padding=&#8221;50%|10%||10%|false|true&#8221; link_option_url=&#8221;@ET-DC@eyJkeW5hbWljIjp0cnVlLCJjb250ZW50IjoicG9zdF9saW5rX3VybF9wYWdlIiwic2V0dGluZ3MiOnsicG9zdF9pZCI6IjEyNzk2In19@&#8221; global_colors_info=&#8221;{}&#8221;]<\/p>\n<h5>Grille ventilation<\/h5>\n<p>&nbsp;<\/p>\n<p>[\/et_pb_text][\/et_pb_column][et_pb_column type=&#8221;1_2&#8243; _builder_version=&#8221;4.21.0&#8243; _dynamic_attributes=&#8221;link_option_url&#8221; _module_preset=&#8221;default&#8221; use_background_color_gradient=&#8221;on&#8221; background_color_gradient_stops=&#8221;rgba(36,122,190,0.08) 0%|#0a0000 100%&#8221; background_color_gradient_overlays_image=&#8221;on&#8221; background_image=&#8221;https:\/\/kami.dk\/wp-content\/uploads\/2023\/06\/42002-Mandehuldaeksel-med-Haandtag.webp&#8221; link_option_url=&#8221;@ET-DC@eyJkeW5hbWljIjp0cnVlLCJjb250ZW50IjoicG9zdF9saW5rX3VybF9wYWdlIiwic2V0dGluZ3MiOnsicG9zdF9pZCI6IjEyNzk4In19@&#8221; global_colors_info=&#8221;{}&#8221;][et_pb_text _builder_version=&#8221;4.21.0&#8243; _dynamic_attributes=&#8221;link_option_url&#8221; _module_preset=&#8221;default&#8221; text_text_color=&#8221;#247ABE&#8221; header_3_font=&#8221;Rubik|700|||||||&#8221; header_3_font_size=&#8221;18px&#8221; header_5_font=&#8221;Rubik|700|||||||&#8221; header_5_font_size=&#8221;18px&#8221; background_layout=&#8221;dark&#8221; custom_margin=&#8221;||||false|false&#8221; custom_padding=&#8221;50%|10%||10%|false|true&#8221; link_option_url=&#8221;@ET-DC@eyJkeW5hbWljIjp0cnVlLCJjb250ZW50IjoicG9zdF9saW5rX3VybF9wYWdlIiwic2V0dGluZ3MiOnsicG9zdF9pZCI6IjEyNzk4In19@&#8221; global_colors_info=&#8221;{}&#8221;]<\/p>\n<h4>Manhole covers  <\/h4>\n<p>&nbsp;<\/p>\n<p>[\/et_pb_text][\/et_pb_column][\/et_pb_row][\/et_pb_section]<\/p>\n","protected":false},"excerpt":{"rendered":"<p>Fire doors &#8211; indoor and outdoorWhether it&#8217;s A, B or C-class doors, KAMI will ask relevant questions for the job. There are several different European\/international suppliers. KAMI advises and offers the best solution for the project. We share our experience with customers. Wrong doors can be a costly affair &#8211; prevent it. &nbsp; &#8220;With our [&hellip;]<\/p>\n","protected":false},"author":15,"featured_media":0,"parent":0,"menu_order":0,"comment_status":"closed","ping_status":"closed","template":"","meta":{"_et_pb_use_builder":"on","_et_pb_old_content":"","_et_gb_content_width":"","footnotes":""},"class_list":["post-18968","page","type-page","status-publish","hentry"],"yoast_head":"<!-- This site is optimized with the Yoast SEO plugin v27.1.1 - https:\/\/yoast.com\/product\/yoast-seo-wordpress\/ -->\n<title>Fire doors - KAMI DK | Engineering og metal<\/title>\n<meta name=\"robots\" content=\"index, follow, max-snippet:-1, max-image-preview:large, max-video-preview:-1\" \/>\n<link rel=\"canonical\" href=\"https:\/\/kami.dk\/en\/fire-doors-2\/\" \/>\n<meta property=\"og:locale\" content=\"en_US\" \/>\n<meta property=\"og:type\" content=\"article\" \/>\n<meta property=\"og:title\" content=\"Fire doors - KAMI DK | Engineering og metal\" \/>\n<meta property=\"og:description\" content=\"Fire doors - indoor and outdoorWhether it&#039;s A, B or C-class doors, KAMI will ask relevant questions for the job. There are several different European\/international suppliers. KAMI advises and offers the best solution for the project. We share our experience with customers. Wrong doors can be a costly affair - prevent it. &nbsp; &quot;With our [&hellip;]\" \/>\n<meta property=\"og:url\" content=\"https:\/\/kami.dk\/en\/fire-doors-2\/\" \/>\n<meta property=\"og:site_name\" content=\"KAMI DK | Engineering og metal\" \/>\n<meta property=\"article:publisher\" content=\"https:\/\/www.facebook.com\/KAMIgruppen\" \/>\n<meta property=\"article:modified_time\" content=\"2023-10-18T08:58:07+00:00\" \/>\n<meta name=\"twitter:label1\" content=\"Est. reading time\" \/>\n\t<meta name=\"twitter:data1\" content=\"7 minutes\" \/>\n<script type=\"application\/ld+json\" class=\"yoast-schema-graph\">{\"@context\":\"https:\/\/schema.org\",\"@graph\":[{\"@type\":\"WebPage\",\"@id\":\"https:\/\/kami.dk\/en\/fire-doors-2\/\",\"url\":\"https:\/\/kami.dk\/en\/fire-doors-2\/\",\"name\":\"Fire doors - KAMI DK | Engineering og metal\",\"isPartOf\":{\"@id\":\"https:\/\/kami.dk\/en\/#website\"},\"datePublished\":\"2023-03-21T10:09:24+00:00\",\"dateModified\":\"2023-10-18T08:58:07+00:00\",\"breadcrumb\":{\"@id\":\"https:\/\/kami.dk\/en\/fire-doors-2\/#breadcrumb\"},\"inLanguage\":\"en-US\",\"potentialAction\":[{\"@type\":\"ReadAction\",\"target\":[\"https:\/\/kami.dk\/en\/fire-doors-2\/\"]}]},{\"@type\":\"BreadcrumbList\",\"@id\":\"https:\/\/kami.dk\/en\/fire-doors-2\/#breadcrumb\",\"itemListElement\":[{\"@type\":\"ListItem\",\"position\":1,\"name\":\"Hjem\",\"item\":\"https:\/\/kami.dk\/en\/\"},{\"@type\":\"ListItem\",\"position\":2,\"name\":\"Fire doors\"}]},{\"@type\":\"WebSite\",\"@id\":\"https:\/\/kami.dk\/en\/#website\",\"url\":\"https:\/\/kami.dk\/en\/\",\"name\":\"KAMI DK | Engineering og metal\",\"description\":\"KAMI udf\u00f8rer engineering og er ordreproducerende i sort st\u00e5l, h\u00f8jstyrkest\u00e5l, rustfrit st\u00e5l og aluminium\",\"potentialAction\":[{\"@type\":\"SearchAction\",\"target\":{\"@type\":\"EntryPoint\",\"urlTemplate\":\"https:\/\/kami.dk\/en\/?s={search_term_string}\"},\"query-input\":{\"@type\":\"PropertyValueSpecification\",\"valueRequired\":true,\"valueName\":\"search_term_string\"}}],\"inLanguage\":\"en-US\"}]}<\/script>\n<!-- \/ Yoast SEO plugin. -->","yoast_head_json":{"title":"Fire doors - KAMI DK | Engineering og metal","robots":{"index":"index","follow":"follow","max-snippet":"max-snippet:-1","max-image-preview":"max-image-preview:large","max-video-preview":"max-video-preview:-1"},"canonical":"https:\/\/kami.dk\/en\/fire-doors-2\/","og_locale":"en_US","og_type":"article","og_title":"Fire doors - KAMI DK | Engineering og metal","og_description":"Fire doors - indoor and outdoorWhether it's A, B or C-class doors, KAMI will ask relevant questions for the job. There are several different European\/international suppliers. KAMI advises and offers the best solution for the project. We share our experience with customers. Wrong doors can be a costly affair - prevent it. &nbsp; \"With our [&hellip;]","og_url":"https:\/\/kami.dk\/en\/fire-doors-2\/","og_site_name":"KAMI DK | Engineering og metal","article_publisher":"https:\/\/www.facebook.com\/KAMIgruppen","article_modified_time":"2023-10-18T08:58:07+00:00","twitter_misc":{"Est. reading time":"7 minutes"},"schema":{"@context":"https:\/\/schema.org","@graph":[{"@type":"WebPage","@id":"https:\/\/kami.dk\/en\/fire-doors-2\/","url":"https:\/\/kami.dk\/en\/fire-doors-2\/","name":"Fire doors - KAMI DK | Engineering og metal","isPartOf":{"@id":"https:\/\/kami.dk\/en\/#website"},"datePublished":"2023-03-21T10:09:24+00:00","dateModified":"2023-10-18T08:58:07+00:00","breadcrumb":{"@id":"https:\/\/kami.dk\/en\/fire-doors-2\/#breadcrumb"},"inLanguage":"en-US","potentialAction":[{"@type":"ReadAction","target":["https:\/\/kami.dk\/en\/fire-doors-2\/"]}]},{"@type":"BreadcrumbList","@id":"https:\/\/kami.dk\/en\/fire-doors-2\/#breadcrumb","itemListElement":[{"@type":"ListItem","position":1,"name":"Hjem","item":"https:\/\/kami.dk\/en\/"},{"@type":"ListItem","position":2,"name":"Fire doors"}]},{"@type":"WebSite","@id":"https:\/\/kami.dk\/en\/#website","url":"https:\/\/kami.dk\/en\/","name":"KAMI DK | Engineering og metal","description":"KAMI udf\u00f8rer engineering og er ordreproducerende i sort st\u00e5l, h\u00f8jstyrkest\u00e5l, rustfrit st\u00e5l og aluminium","potentialAction":[{"@type":"SearchAction","target":{"@type":"EntryPoint","urlTemplate":"https:\/\/kami.dk\/en\/?s={search_term_string}"},"query-input":{"@type":"PropertyValueSpecification","valueRequired":true,"valueName":"search_term_string"}}],"inLanguage":"en-US"}]}},"_links":{"self":[{"href":"https:\/\/kami.dk\/en\/wp-json\/wp\/v2\/pages\/18968","targetHints":{"allow":["GET"]}}],"collection":[{"href":"https:\/\/kami.dk\/en\/wp-json\/wp\/v2\/pages"}],"about":[{"href":"https:\/\/kami.dk\/en\/wp-json\/wp\/v2\/types\/page"}],"author":[{"embeddable":true,"href":"https:\/\/kami.dk\/en\/wp-json\/wp\/v2\/users\/15"}],"replies":[{"embeddable":true,"href":"https:\/\/kami.dk\/en\/wp-json\/wp\/v2\/comments?post=18968"}],"version-history":[{"count":0,"href":"https:\/\/kami.dk\/en\/wp-json\/wp\/v2\/pages\/18968\/revisions"}],"wp:attachment":[{"href":"https:\/\/kami.dk\/en\/wp-json\/wp\/v2\/media?parent=18968"}],"curies":[{"name":"wp","href":"https:\/\/api.w.org\/{rel}","templated":true}]}}