{"id":18514,"date":"2023-03-13T11:44:22","date_gmt":"2023-03-13T10:44:22","guid":{"rendered":"https:\/\/kami.dk\/csr-corporate-social-responsibility\/"},"modified":"2023-10-25T13:37:36","modified_gmt":"2023-10-25T11:37:36","slug":"csr-corporate-social-responsibility","status":"publish","type":"page","link":"https:\/\/kami.dk\/en\/all-about-kami\/csr-corporate-social-responsibility\/","title":{"rendered":"CSR &#8211; Corporate Social Responsibility"},"content":{"rendered":"<p>[et_pb_section fb_built=&#8221;1&#8243; admin_label=&#8221;Hero&#8221; _builder_version=&#8221;4.23&#8243; use_background_color_gradient=&#8221;on&#8221; background_color_gradient_type=&#8221;circular&#8221; background_color_gradient_direction_radial=&#8221;top left&#8221; background_color_gradient_stops=&#8221;rgba(40,40,40,0.79) 0%|rgba(40,40,40,0.86) 100%&#8221; background_color_gradient_overlays_image=&#8221;on&#8221; background_color_gradient_start=&#8221;rgba(40,40,40,0.79)&#8221; background_color_gradient_end=&#8221;rgba(40,40,40,0.86)&#8221; background_image=&#8221;https:\/\/kami.dk\/wp-content\/uploads\/2023\/03\/CSR.webp&#8221; background_size=&#8221;contain&#8221; background_repeat=&#8221;repeat-y&#8221; background_blend=&#8221;screen&#8221; custom_margin=&#8221;||||false&#8221; custom_padding=&#8221;6vw||6vw||true|false&#8221; hover_enabled=&#8221;0&#8243; locked=&#8221;off&#8221; global_colors_info=&#8221;{}&#8221; sticky_enabled=&#8221;0&#8243;][et_pb_row _builder_version=&#8221;4.16&#8243; global_colors_info=&#8221;{}&#8221;][et_pb_column type=&#8221;4_4&#8243; _builder_version=&#8221;4.16&#8243; custom_padding=&#8221;|||&#8221; global_colors_info=&#8221;{}&#8221; custom_padding__hover=&#8221;|||&#8221;][et_pb_text _builder_version=&#8221;4.21.0&#8243; text_font=&#8221;||||||||&#8221; header_font=&#8221;Rubik|700|||||||&#8221; header_font_size=&#8221;64px&#8221; header_line_height=&#8221;1.1em&#8221; background_layout=&#8221;dark&#8221; max_width=&#8221;800px&#8221; custom_margin=&#8221;||0px|&#8221; custom_padding=&#8221;|0px||16px|false|false&#8221; text_font_size_tablet=&#8221;14px&#8221; text_font_size_last_edited=&#8221;off|desktop&#8221; header_font_size_tablet=&#8221;44px&#8221; header_font_size_phone=&#8221;32px&#8221; border_color_all=&#8221;#247ABE&#8221; border_width_left=&#8221;10px&#8221; global_colors_info=&#8221;{}&#8221;]<\/p>\n<h1>CSR &#8211; Corporate Social Responsibility<\/h1>\n<p>[\/et_pb_text][\/et_pb_column][\/et_pb_row][\/et_pb_section][et_pb_section fb_built=&#8221;1&#8243; _builder_version=&#8221;4.20.1&#8243; _module_preset=&#8221;default&#8221; background_color=&#8221;#FFFFFF&#8221; custom_padding=&#8221;||||false|false&#8221; locked=&#8221;off&#8221; global_colors_info=&#8221;{}&#8221;][et_pb_row custom_padding_last_edited=&#8221;on|tablet&#8221; _builder_version=&#8221;4.21.0&#8243; custom_margin=&#8221;|||&#8221; custom_padding=&#8221;||||false|false&#8221; custom_padding_tablet=&#8221;|0px||0px|false|true&#8221; custom_padding_phone=&#8221;|0px||0px|false|true&#8221; locked=&#8221;off&#8221; global_colors_info=&#8221;{}&#8221;][et_pb_column type=&#8221;4_4&#8243; _builder_version=&#8221;4.16&#8243; custom_padding=&#8221;|||&#8221; global_colors_info=&#8221;{}&#8221; custom_padding__hover=&#8221;|||&#8221;][et_pb_text _builder_version=&#8221;4.21.0&#8243; text_font=&#8221;||||||||&#8221; header_font=&#8221;||||||||&#8221; module_alignment=&#8221;center&#8221; custom_margin=&#8221;|||&#8221; custom_padding=&#8221;|||&#8221; header_2_font_size_tablet=&#8221;30px&#8221; locked=&#8221;off&#8221; global_colors_info=&#8221;{}&#8221;]<\/p>\n<h2 class=\"av-special-heading-tag\" itemprop=\"headline\">Attractive and inclusive workplace<br \/>&#8211; with a focus on education<\/h2>\n<p>[\/et_pb_text][et_pb_divider color=&#8221;#247ABE&#8221; divider_position=&#8221;center&#8221; divider_weight=&#8221;5px&#8221; _builder_version=&#8221;4.19.4&#8243; max_width=&#8221;50px&#8221; global_colors_info=&#8221;{}&#8221;][\/et_pb_divider][\/et_pb_column][\/et_pb_row][et_pb_row column_structure=&#8221;1_2,1_2&#8243; use_custom_gutter=&#8221;on&#8221; custom_padding_last_edited=&#8221;on|tablet&#8221; _builder_version=&#8221;4.21.0&#8243; module_alignment=&#8221;center&#8221; custom_margin=&#8221;||||false|false&#8221; custom_padding=&#8221;0px||||false|false&#8221; custom_padding_tablet=&#8221;|0px||0px|false|true&#8221; custom_padding_phone=&#8221;|0px||0px|false|true&#8221; locked=&#8221;off&#8221; global_colors_info=&#8221;{}&#8221;][et_pb_column type=&#8221;1_2&#8243; _builder_version=&#8221;4.16&#8243; custom_padding=&#8221;|||&#8221; custom_padding_tablet=&#8221;|0px||&#8221; custom_padding_last_edited=&#8221;off|desktop&#8221; global_colors_info=&#8221;{}&#8221; padding_tablet=&#8221;|0px||&#8221; padding_last_edited=&#8221;off|desktop&#8221; custom_padding__hover=&#8221;|||&#8221;][et_pb_text _builder_version=&#8221;4.20.1&#8243; text_font=&#8221;||||||||&#8221; header_font=&#8221;||||||||&#8221; module_alignment=&#8221;center&#8221; custom_margin=&#8221;|||&#8221; custom_padding=&#8221;|||&#8221; header_2_font_size_phone=&#8221;36px&#8221; locked=&#8221;off&#8221; global_colors_info=&#8221;{}&#8221;]<\/p>\n<h3>KAMI must be an attractive workplace<\/h3>\n<p>[\/et_pb_text][et_pb_text _builder_version=&#8221;4.20.1&#8243; text_font=&#8221;||||||||&#8221; text_line_height=&#8221;1.8em&#8221; custom_padding=&#8221;|||&#8221; custom_padding_tablet=&#8221;|40px||40px||true&#8221; custom_padding_last_edited=&#8221;off|desktop&#8221; global_colors_info=&#8221;{}&#8221;]<\/p>\n<p><span>Where each employee thrives in a good mental and physical work environment. We must attract and retain talented and reliable employees through our HR policy. KAMI believes that training is the way forward &#8211; so our employees are continuously trained.<\/span><\/p>\n<p>[\/et_pb_text][\/et_pb_column][et_pb_column type=&#8221;1_2&#8243; _builder_version=&#8221;4.16&#8243; custom_padding=&#8221;|||&#8221; custom_padding_tablet=&#8221;|0px||&#8221; custom_padding_last_edited=&#8221;off|desktop&#8221; global_colors_info=&#8221;{}&#8221; padding_tablet=&#8221;|0px||&#8221; padding_last_edited=&#8221;off|desktop&#8221; custom_padding__hover=&#8221;|||&#8221;][et_pb_text _builder_version=&#8221;4.20.1&#8243; text_font=&#8221;||||||||&#8221; header_font=&#8221;||||||||&#8221; module_alignment=&#8221;center&#8221; custom_margin=&#8221;|||&#8221; custom_padding=&#8221;|||&#8221; header_2_font_size_phone=&#8221;36px&#8221; locked=&#8221;off&#8221; global_colors_info=&#8221;{}&#8221;]<\/p>\n<h3>Competent employees<\/h3>\n<p>[\/et_pb_text][et_pb_text _builder_version=&#8221;4.20.1&#8243; text_font=&#8221;||||||||&#8221; header_font=&#8221;||||||||&#8221; module_alignment=&#8221;center&#8221; custom_margin=&#8221;|||&#8221; custom_padding=&#8221;|||&#8221; header_2_font_size_phone=&#8221;36px&#8221; locked=&#8221;off&#8221; global_colors_info=&#8221;{}&#8221;]<\/p>\n<p><span>In addition to ensuring competent employees, KAMI must also be an &#8220;inclusive&#8221; workplace, and we must, among other things, continuously, in collaboration with  <\/span><a href=\"http:\/\/www.fmk.dk\/borger\/\" target=\"_blank\" rel=\"noopener\">Faaborg-Midtfyn Municipality<\/a><span>, the JobCenter, the Production School in Faaborg and other local and regional institutions, help give people a chance to enter or return to the labor market when required.<\/span><\/p>\n<p>[\/et_pb_text][\/et_pb_column][\/et_pb_row][et_pb_row column_structure=&#8221;1_2,1_2&#8243; use_custom_gutter=&#8221;on&#8221; custom_padding_last_edited=&#8221;on|tablet&#8221; _builder_version=&#8221;4.21.0&#8243; module_alignment=&#8221;center&#8221; custom_margin=&#8221;||||false|false&#8221; custom_padding=&#8221;0px||||false|false&#8221; custom_padding_tablet=&#8221;|0px||0px|false|true&#8221; custom_padding_phone=&#8221;|0px||0px|false|true&#8221; locked=&#8221;off&#8221; global_colors_info=&#8221;{}&#8221;][et_pb_column type=&#8221;1_2&#8243; _builder_version=&#8221;4.16&#8243; custom_padding=&#8221;|||&#8221; custom_padding_tablet=&#8221;|0px||&#8221; custom_padding_last_edited=&#8221;off|desktop&#8221; global_colors_info=&#8221;{}&#8221; padding_tablet=&#8221;|0px||&#8221; padding_last_edited=&#8221;off|desktop&#8221; custom_padding__hover=&#8221;|||&#8221;][et_pb_text _builder_version=&#8221;4.20.1&#8243; text_font=&#8221;||||||||&#8221; header_font=&#8221;||||||||&#8221; module_alignment=&#8221;center&#8221; custom_margin=&#8221;|||&#8221; custom_padding=&#8221;|||&#8221; header_2_font_size_phone=&#8221;36px&#8221; locked=&#8221;off&#8221; global_colors_info=&#8221;{}&#8221;]<\/p>\n<h3>Maximum focus on training<\/h3>\n<p>[\/et_pb_text][et_pb_text _builder_version=&#8221;4.20.1&#8243; text_font=&#8221;||||||||&#8221; text_line_height=&#8221;1.8em&#8221; custom_padding=&#8221;|||&#8221; custom_padding_tablet=&#8221;|40px||40px||true&#8221; custom_padding_last_edited=&#8221;off|desktop&#8221; global_colors_info=&#8221;{}&#8221;]<\/p>\n<p><span>To ensure maximum focus on education, we are very involved with Svendborg Business School and the University of Southern Denmark when it comes to training both blacksmiths and engineers.<\/span><\/p>\n<p>[\/et_pb_text][\/et_pb_column][et_pb_column type=&#8221;1_2&#8243; _builder_version=&#8221;4.16&#8243; custom_padding=&#8221;|||&#8221; custom_padding_tablet=&#8221;|0px||&#8221; custom_padding_last_edited=&#8221;off|desktop&#8221; global_colors_info=&#8221;{}&#8221; padding_tablet=&#8221;|0px||&#8221; padding_last_edited=&#8221;off|desktop&#8221; custom_padding__hover=&#8221;|||&#8221;][et_pb_image src=&#8221;https:\/\/kami.dk\/wp-content\/uploads\/2023\/03\/Peter-er-i-gang.webp&#8221; title_text=&#8221;Peter-is-in-the-making&#8221; _builder_version=&#8221;4.21.0&#8243; _module_preset=&#8221;default&#8221; global_colors_info=&#8221;{}&#8221;][\/et_pb_image][\/et_pb_column][\/et_pb_row][\/et_pb_section][et_pb_section fb_built=&#8221;1&#8243; _builder_version=&#8221;4.20.1&#8243; _module_preset=&#8221;default&#8221; background_color=&#8221;#F7F7F7&#8243; custom_padding=&#8221;||||false|false&#8221; locked=&#8221;off&#8221; global_colors_info=&#8221;{}&#8221;][et_pb_row custom_padding_last_edited=&#8221;on|tablet&#8221; _builder_version=&#8221;4.21.0&#8243; custom_margin=&#8221;|||&#8221; custom_padding=&#8221;||||false|false&#8221; custom_padding_tablet=&#8221;|0px||0px|false|true&#8221; custom_padding_phone=&#8221;|0px||0px|false|true&#8221; locked=&#8221;off&#8221; global_colors_info=&#8221;{}&#8221;][et_pb_column type=&#8221;4_4&#8243; _builder_version=&#8221;4.16&#8243; custom_padding=&#8221;|||&#8221; global_colors_info=&#8221;{}&#8221; custom_padding__hover=&#8221;|||&#8221;][et_pb_text _builder_version=&#8221;4.21.0&#8243; text_font=&#8221;||||||||&#8221; header_font=&#8221;||||||||&#8221; module_alignment=&#8221;center&#8221; custom_margin=&#8221;|||&#8221; custom_padding=&#8221;|||&#8221; header_2_font_size_tablet=&#8221;30px&#8221; locked=&#8221;off&#8221; global_colors_info=&#8221;{}&#8221;]<\/p>\n<h2 class=\"av-special-heading-tag\" itemprop=\"headline\">KAMI is aware of our CSR work<br \/>&#8211; Corporate Social Responsibility<\/h2>\n<p>[\/et_pb_text][et_pb_divider color=&#8221;#247ABE&#8221; divider_position=&#8221;center&#8221; divider_weight=&#8221;5px&#8221; _builder_version=&#8221;4.19.4&#8243; max_width=&#8221;50px&#8221; global_colors_info=&#8221;{}&#8221;][\/et_pb_divider][\/et_pb_column][\/et_pb_row][et_pb_row column_structure=&#8221;1_2,1_2&#8243; use_custom_gutter=&#8221;on&#8221; custom_padding_last_edited=&#8221;on|tablet&#8221; _builder_version=&#8221;4.21.0&#8243; module_alignment=&#8221;center&#8221; custom_margin=&#8221;||||false|false&#8221; custom_padding=&#8221;0px||||false|false&#8221; custom_padding_tablet=&#8221;|0px||0px|false|true&#8221; custom_padding_phone=&#8221;|0px||0px|false|true&#8221; locked=&#8221;off&#8221; global_colors_info=&#8221;{}&#8221;][et_pb_column type=&#8221;1_2&#8243; _builder_version=&#8221;4.16&#8243; custom_padding=&#8221;|||&#8221; custom_padding_tablet=&#8221;|0px||&#8221; custom_padding_last_edited=&#8221;off|desktop&#8221; global_colors_info=&#8221;{}&#8221; padding_tablet=&#8221;|0px||&#8221; padding_last_edited=&#8221;off|desktop&#8221; custom_padding__hover=&#8221;|||&#8221;][et_pb_text _builder_version=&#8221;4.20.1&#8243; text_font=&#8221;||||||||&#8221; header_font=&#8221;||||||||&#8221; module_alignment=&#8221;center&#8221; custom_margin=&#8221;|||&#8221; custom_padding=&#8221;|||&#8221; header_2_font_size_phone=&#8221;36px&#8221; locked=&#8221;off&#8221; global_colors_info=&#8221;{}&#8221;]<\/p>\n<h3>&#8211; and that&#8217;s why KAMI has supported local sporting events and humanitarian fundraisers over the years:<\/h3>\n<p>[\/et_pb_text][et_pb_text _builder_version=&#8221;4.20.1&#8243; text_font=&#8221;||||||||&#8221; text_line_height=&#8221;1.8em&#8221; custom_padding=&#8221;|||&#8221; custom_padding_tablet=&#8221;|40px||40px||true&#8221; custom_padding_last_edited=&#8221;off|desktop&#8221; global_colors_info=&#8221;{}&#8221;]<\/p>\n<ul>\n<li><a href=\"http:\/\/www.cancer.dk\/?gclid=CJujmLug5LoCFYFe3godFhwAdw\">The Danish Cancer Society<\/a><\/li>\n<li><a href=\"https:\/\/www.unicef.dk\/\">Unicef<\/a><\/li>\n<li><a href=\"http:\/\/msf.dk\/?gclid=CMCJ9qGg5LoCFc1V3godNREAaQ\">Doctors without Borders<\/a><\/li>\n<li><a href=\"http:\/\/xn--hornelbeklub-0jb.dk\/\">Horne Running Club<\/a><\/li>\n<li>Espe Gymnastik og Idr\u00e6tsforening<\/li>\n<li><a href=\"http:\/\/www.faaborg-gym.dk\/\">Faaborg Gymnasium<\/a><\/li>\n<li>Local church work<\/li>\n<\/ul>\n<p>[\/et_pb_text][\/et_pb_column][et_pb_column type=&#8221;1_2&#8243; _builder_version=&#8221;4.16&#8243; custom_padding=&#8221;|||&#8221; custom_padding_tablet=&#8221;|0px||&#8221; custom_padding_last_edited=&#8221;off|desktop&#8221; global_colors_info=&#8221;{}&#8221; padding_tablet=&#8221;|0px||&#8221; padding_last_edited=&#8221;off|desktop&#8221; custom_padding__hover=&#8221;|||&#8221;][et_pb_image src=&#8221;https:\/\/kami.dk\/wp-content\/uploads\/2023\/03\/KAMI-Liv-i-haandboldhallen.webp&#8221; title_text=&#8221;KAMI-Live in the handball hall&#8221; _builder_version=&#8221;4.21.0&#8243; _module_preset=&#8221;default&#8221; global_colors_info=&#8221;{}&#8221;][\/et_pb_image][\/et_pb_column][\/et_pb_row][\/et_pb_section][et_pb_section fb_built=&#8221;1&#8243; admin_label=&#8221;Service&#8221; _builder_version=&#8221;4.20.1&#8243; background_color=&#8221;#FFFFFF&#8221; locked=&#8221;off&#8221; global_colors_info=&#8221;{}&#8221;][et_pb_row _builder_version=&#8221;4.19.5&#8243; background_enable_color=&#8221;off&#8221; global_colors_info=&#8221;{}&#8221;][et_pb_column type=&#8221;4_4&#8243; _builder_version=&#8221;4.16&#8243; custom_padding=&#8221;|||&#8221; global_colors_info=&#8221;{}&#8221; custom_padding__hover=&#8221;|||&#8221;][et_pb_text _builder_version=&#8221;4.21.0&#8243; text_font=&#8221;||||||||&#8221; header_font=&#8221;||||||||&#8221; text_orientation=&#8221;center&#8221; module_alignment=&#8221;center&#8221; custom_margin=&#8221;|||&#8221; custom_padding=&#8221;|||&#8221; header_2_font_size_tablet=&#8221;30px&#8221; locked=&#8221;off&#8221; global_colors_info=&#8221;{}&#8221;]<\/p>\n<h2>Read more about KAMI<\/h2>\n<p>[\/et_pb_text][et_pb_divider color=&#8221;#247ABE&#8221; divider_position=&#8221;center&#8221; divider_weight=&#8221;5px&#8221; _builder_version=&#8221;4.19.4&#8243; max_width=&#8221;50px&#8221; module_alignment=&#8221;center&#8221; custom_margin=&#8221;3%||3%||true|false&#8221; locked=&#8221;off&#8221; global_colors_info=&#8221;{}&#8221;][\/et_pb_divider][\/et_pb_column][\/et_pb_row][et_pb_row column_structure=&#8221;1_2,1_2&#8243; use_custom_gutter=&#8221;on&#8221; gutter_width=&#8221;2&#8243; make_equal=&#8221;on&#8221; _builder_version=&#8221;4.21.0&#8243; _module_preset=&#8221;default&#8221; width_tablet=&#8221;&#8221; width_phone=&#8221;&#8221; width_last_edited=&#8221;on|phone&#8221; max_width=&#8221;700px&#8221; overflow-x=&#8221;hidden&#8221; overflow-y=&#8221;hidden&#8221; custom_padding=&#8221;0px|0px|0px|0px|true|false&#8221; global_colors_info=&#8221;{}&#8221;][et_pb_column type=&#8221;1_2&#8243; _builder_version=&#8221;4.21.0&#8243; _dynamic_attributes=&#8221;link_option_url&#8221; _module_preset=&#8221;default&#8221; use_background_color_gradient=&#8221;on&#8221; background_color_gradient_stops=&#8221;rgba(36,122,190,0.08) 0%|#0a0000 100%&#8221; background_color_gradient_overlays_image=&#8221;on&#8221; background_image=&#8221;https:\/\/kami.dk\/wp-content\/uploads\/2023\/03\/KamiFodbold.webp&#8221; link_option_url=&#8221;@ET-DC@eyJkeW5hbWljIjp0cnVlLCJjb250ZW50IjoicG9zdF9saW5rX3VybF9wYWdlIiwic2V0dGluZ3MiOnsicG9zdF9pZCI6IjMwNDkifX0=@&#8221; global_colors_info=&#8221;{}&#8221;][et_pb_text _builder_version=&#8221;4.23&#8243; _module_preset=&#8221;default&#8221; text_text_color=&#8221;#247ABE&#8221; header_3_font=&#8221;Rubik|700|||||||&#8221; header_3_font_size=&#8221;18px&#8221; header_5_font=&#8221;Rubik|700|||||||&#8221; header_5_font_size=&#8221;18px&#8221; background_layout=&#8221;dark&#8221; custom_margin=&#8221;||||false|false&#8221; custom_padding=&#8221;50%|10%||10%|false|true&#8221; link_option_url=&#8221;https:\/\/kami.dk\/en\/all-about-kami\/vision-mission-and-goals\/&#8221; hover_enabled=&#8221;0&#8243; global_colors_info=&#8221;{}&#8221; sticky_enabled=&#8221;0&#8243;]<\/p>\n<h5 class=\"main-title entry-title \">Vision, mission and goals<\/h5>\n<p>&nbsp;<\/p>\n<p>&nbsp;<\/p>\n<p>[\/et_pb_text][\/et_pb_column][et_pb_column type=&#8221;1_2&#8243; _builder_version=&#8221;4.21.0&#8243; _dynamic_attributes=&#8221;link_option_url&#8221; _module_preset=&#8221;default&#8221; use_background_color_gradient=&#8221;on&#8221; background_color_gradient_stops=&#8221;rgba(36,122,190,0.08) 0%|#0a0000 100%&#8221; background_color_gradient_overlays_image=&#8221;on&#8221; background_image=&#8221;https:\/\/kami.dk\/wp-content\/uploads\/2023\/03\/Montage-scaled.webp&#8221; link_option_url=&#8221;@ET-DC@eyJkeW5hbWljIjp0cnVlLCJjb250ZW50IjoicG9zdF9saW5rX3VybF9wYWdlIiwic2V0dGluZ3MiOnsicG9zdF9pZCI6IjQ5MzcifX0=@&#8221; global_colors_info=&#8221;{}&#8221;][et_pb_text _builder_version=&#8221;4.23&#8243; _module_preset=&#8221;default&#8221; text_text_color=&#8221;#247ABE&#8221; header_3_font=&#8221;Rubik|700|||||||&#8221; header_3_font_size=&#8221;18px&#8221; header_5_font=&#8221;Rubik|700|||||||&#8221; header_5_font_size=&#8221;18px&#8221; background_layout=&#8221;dark&#8221; custom_margin=&#8221;||||false|false&#8221; custom_padding=&#8221;50%|10%||10%|false|true&#8221; link_option_url=&#8221;https:\/\/kami.dk\/en\/production-facilities-in-dk-and-us\/&#8221; hover_enabled=&#8221;0&#8243; global_colors_info=&#8221;{}&#8221; sticky_enabled=&#8221;0&#8243;]<\/p>\n<h5 class=\"main-title entry-title \">Production facilities in DK and US<\/h5>\n<p>&nbsp;<\/p>\n<p>&nbsp;<\/p>\n<p>[\/et_pb_text][\/et_pb_column][\/et_pb_row][\/et_pb_section]<\/p>\n","protected":false},"excerpt":{"rendered":"<p>CSR &#8211; Corporate Social ResponsibilityAttractive and inclusive workplace- with a focus on educationKAMI must be an attractive workplaceWhere each employee thrives in a good mental and physical work environment. We must attract and retain talented and reliable employees through our HR policy. KAMI believes that training is the way forward &#8211; so our employees are [&hellip;]<\/p>\n","protected":false},"author":15,"featured_media":0,"parent":18975,"menu_order":6,"comment_status":"closed","ping_status":"closed","template":"","meta":{"_et_pb_use_builder":"on","_et_pb_old_content":"","_et_gb_content_width":"","footnotes":""},"class_list":["post-18514","page","type-page","status-publish","hentry"],"yoast_head":"<!-- This site is optimized with the Yoast SEO plugin v27.1.1 - https:\/\/yoast.com\/product\/yoast-seo-wordpress\/ -->\n<title>CSR - Corporate Social Responsibility - KAMI DK | Engineering og metal<\/title>\n<meta name=\"robots\" content=\"index, follow, max-snippet:-1, max-image-preview:large, max-video-preview:-1\" \/>\n<link rel=\"canonical\" href=\"https:\/\/kami.dk\/en\/all-about-kami\/csr-corporate-social-responsibility\/\" \/>\n<meta property=\"og:locale\" content=\"en_US\" \/>\n<meta property=\"og:type\" content=\"article\" \/>\n<meta property=\"og:title\" content=\"CSR - Corporate Social Responsibility - KAMI DK | Engineering og metal\" \/>\n<meta property=\"og:description\" content=\"CSR - Corporate Social ResponsibilityAttractive and inclusive workplace- with a focus on educationKAMI must be an attractive workplaceWhere each employee thrives in a good mental and physical work environment. We must attract and retain talented and reliable employees through our HR policy. KAMI believes that training is the way forward - so our employees are [&hellip;]\" \/>\n<meta property=\"og:url\" content=\"https:\/\/kami.dk\/en\/all-about-kami\/csr-corporate-social-responsibility\/\" \/>\n<meta property=\"og:site_name\" content=\"KAMI DK | Engineering og metal\" \/>\n<meta property=\"article:publisher\" content=\"https:\/\/www.facebook.com\/KAMIgruppen\" \/>\n<meta property=\"article:modified_time\" content=\"2023-10-25T11:37:36+00:00\" \/>\n<meta name=\"twitter:label1\" content=\"Est. reading time\" \/>\n\t<meta name=\"twitter:data1\" content=\"9 minutes\" \/>\n<script type=\"application\/ld+json\" class=\"yoast-schema-graph\">{\"@context\":\"https:\/\/schema.org\",\"@graph\":[{\"@type\":\"WebPage\",\"@id\":\"https:\/\/kami.dk\/en\/all-about-kami\/csr-corporate-social-responsibility\/\",\"url\":\"https:\/\/kami.dk\/en\/all-about-kami\/csr-corporate-social-responsibility\/\",\"name\":\"CSR - Corporate Social Responsibility - KAMI DK | Engineering og metal\",\"isPartOf\":{\"@id\":\"https:\/\/kami.dk\/en\/#website\"},\"datePublished\":\"2023-03-13T10:44:22+00:00\",\"dateModified\":\"2023-10-25T11:37:36+00:00\",\"breadcrumb\":{\"@id\":\"https:\/\/kami.dk\/en\/all-about-kami\/csr-corporate-social-responsibility\/#breadcrumb\"},\"inLanguage\":\"en-US\",\"potentialAction\":[{\"@type\":\"ReadAction\",\"target\":[\"https:\/\/kami.dk\/en\/all-about-kami\/csr-corporate-social-responsibility\/\"]}]},{\"@type\":\"BreadcrumbList\",\"@id\":\"https:\/\/kami.dk\/en\/all-about-kami\/csr-corporate-social-responsibility\/#breadcrumb\",\"itemListElement\":[{\"@type\":\"ListItem\",\"position\":1,\"name\":\"Hjem\",\"item\":\"https:\/\/kami.dk\/en\/\"},{\"@type\":\"ListItem\",\"position\":2,\"name\":\"All about KAMI\",\"item\":\"https:\/\/kami.dk\/en\/all-about-kami\/\"},{\"@type\":\"ListItem\",\"position\":3,\"name\":\"CSR &#8211; Corporate Social Responsibility\"}]},{\"@type\":\"WebSite\",\"@id\":\"https:\/\/kami.dk\/en\/#website\",\"url\":\"https:\/\/kami.dk\/en\/\",\"name\":\"KAMI DK | Engineering og metal\",\"description\":\"KAMI udf\u00f8rer engineering og er ordreproducerende i sort st\u00e5l, h\u00f8jstyrkest\u00e5l, rustfrit st\u00e5l og aluminium\",\"potentialAction\":[{\"@type\":\"SearchAction\",\"target\":{\"@type\":\"EntryPoint\",\"urlTemplate\":\"https:\/\/kami.dk\/en\/?s={search_term_string}\"},\"query-input\":{\"@type\":\"PropertyValueSpecification\",\"valueRequired\":true,\"valueName\":\"search_term_string\"}}],\"inLanguage\":\"en-US\"}]}<\/script>\n<!-- \/ Yoast SEO plugin. -->","yoast_head_json":{"title":"CSR - Corporate Social Responsibility - KAMI DK | Engineering og metal","robots":{"index":"index","follow":"follow","max-snippet":"max-snippet:-1","max-image-preview":"max-image-preview:large","max-video-preview":"max-video-preview:-1"},"canonical":"https:\/\/kami.dk\/en\/all-about-kami\/csr-corporate-social-responsibility\/","og_locale":"en_US","og_type":"article","og_title":"CSR - Corporate Social Responsibility - KAMI DK | Engineering og metal","og_description":"CSR - Corporate Social ResponsibilityAttractive and inclusive workplace- with a focus on educationKAMI must be an attractive workplaceWhere each employee thrives in a good mental and physical work environment. We must attract and retain talented and reliable employees through our HR policy. KAMI believes that training is the way forward - so our employees are [&hellip;]","og_url":"https:\/\/kami.dk\/en\/all-about-kami\/csr-corporate-social-responsibility\/","og_site_name":"KAMI DK | Engineering og metal","article_publisher":"https:\/\/www.facebook.com\/KAMIgruppen","article_modified_time":"2023-10-25T11:37:36+00:00","twitter_misc":{"Est. reading time":"9 minutes"},"schema":{"@context":"https:\/\/schema.org","@graph":[{"@type":"WebPage","@id":"https:\/\/kami.dk\/en\/all-about-kami\/csr-corporate-social-responsibility\/","url":"https:\/\/kami.dk\/en\/all-about-kami\/csr-corporate-social-responsibility\/","name":"CSR - Corporate Social Responsibility - KAMI DK | Engineering og metal","isPartOf":{"@id":"https:\/\/kami.dk\/en\/#website"},"datePublished":"2023-03-13T10:44:22+00:00","dateModified":"2023-10-25T11:37:36+00:00","breadcrumb":{"@id":"https:\/\/kami.dk\/en\/all-about-kami\/csr-corporate-social-responsibility\/#breadcrumb"},"inLanguage":"en-US","potentialAction":[{"@type":"ReadAction","target":["https:\/\/kami.dk\/en\/all-about-kami\/csr-corporate-social-responsibility\/"]}]},{"@type":"BreadcrumbList","@id":"https:\/\/kami.dk\/en\/all-about-kami\/csr-corporate-social-responsibility\/#breadcrumb","itemListElement":[{"@type":"ListItem","position":1,"name":"Hjem","item":"https:\/\/kami.dk\/en\/"},{"@type":"ListItem","position":2,"name":"All about KAMI","item":"https:\/\/kami.dk\/en\/all-about-kami\/"},{"@type":"ListItem","position":3,"name":"CSR &#8211; Corporate Social Responsibility"}]},{"@type":"WebSite","@id":"https:\/\/kami.dk\/en\/#website","url":"https:\/\/kami.dk\/en\/","name":"KAMI DK | Engineering og metal","description":"KAMI udf\u00f8rer engineering og er ordreproducerende i sort st\u00e5l, h\u00f8jstyrkest\u00e5l, rustfrit st\u00e5l og aluminium","potentialAction":[{"@type":"SearchAction","target":{"@type":"EntryPoint","urlTemplate":"https:\/\/kami.dk\/en\/?s={search_term_string}"},"query-input":{"@type":"PropertyValueSpecification","valueRequired":true,"valueName":"search_term_string"}}],"inLanguage":"en-US"}]}},"_links":{"self":[{"href":"https:\/\/kami.dk\/en\/wp-json\/wp\/v2\/pages\/18514","targetHints":{"allow":["GET"]}}],"collection":[{"href":"https:\/\/kami.dk\/en\/wp-json\/wp\/v2\/pages"}],"about":[{"href":"https:\/\/kami.dk\/en\/wp-json\/wp\/v2\/types\/page"}],"author":[{"embeddable":true,"href":"https:\/\/kami.dk\/en\/wp-json\/wp\/v2\/users\/15"}],"replies":[{"embeddable":true,"href":"https:\/\/kami.dk\/en\/wp-json\/wp\/v2\/comments?post=18514"}],"version-history":[{"count":0,"href":"https:\/\/kami.dk\/en\/wp-json\/wp\/v2\/pages\/18514\/revisions"}],"up":[{"embeddable":true,"href":"https:\/\/kami.dk\/en\/wp-json\/wp\/v2\/pages\/18975"}],"wp:attachment":[{"href":"https:\/\/kami.dk\/en\/wp-json\/wp\/v2\/media?parent=18514"}],"curies":[{"name":"wp","href":"https:\/\/api.w.org\/{rel}","templated":true}]}}