{"id":18095,"date":"2016-09-22T12:23:20","date_gmt":"2016-09-22T10:23:20","guid":{"rendered":"https:\/\/kami.dk\/en-1090-audit-well-and-truly-over\/"},"modified":"2023-09-14T09:45:10","modified_gmt":"2023-09-14T07:45:10","slug":"en-1090-audit-well-and-truly-over","status":"publish","type":"page","link":"https:\/\/kami.dk\/en\/en-1090-audit-well-and-truly-over\/","title":{"rendered":"EN 1090 audit well and truly over!"},"content":{"rendered":"<p>[av_one_third first min_height=&#8221; vertical_alignment=&#8221; space=&#8221; custom_margin=&#8221; margin=&#8217;0px&#8217; padding=&#8217;0px&#8217; border=&#8221; border_color=&#8221; radius=&#8217;0px&#8217; background_color=&#8221; src=&#8221; background_position=&#8217;top left&#8217; background_repeat=&#8217;no-repeat&#8217; animation=&#8221;]<br \/>\n[av_textblock size=&#8221; font_color=&#8221; color=&#8221;]<br \/>\n<a href=\"https:\/\/kami.dk\/wp-content\/uploads\/2016\/09\/EN-1090-audit-i-produktionen.jpg\"><img decoding=\"async\" class=\"alignnone size-medium wp-image-7386\" src=\"https:\/\/kami.dk\/wp-content\/uploads\/2016\/09\/EN-1090-audit-i-produktionen-300x225.jpg\" alt=\"en 1090 audit i produktionen\" width=\"300\" height=\"225\" \/><\/a><\/p>\n<p><a href=\"https:\/\/kami.dk\/wp-content\/uploads\/2016\/09\/EN-1090-audit-med-emner-i-den-rustfri-produktion.jpg\"><img decoding=\"async\" class=\"alignnone size-medium wp-image-7387\" src=\"https:\/\/kami.dk\/wp-content\/uploads\/2016\/09\/EN-1090-audit-med-emner-i-den-rustfri-produktion-300x225.jpg\" alt=\"en 1090 audit med emner i den rustfri produktion\" width=\"300\" height=\"225\" \/><\/a><br \/>\n[\/av_textblock]<br \/>\n[\/av_one_third]<\/p>\n<p>[av_two_third min_height=&#8221; vertical_alignment=&#8221; space=&#8221; custom_margin=&#8221; margin=&#8217;0px&#8217; padding=&#8217;0px&#8217; border=&#8221; border_color=&#8221; radius=&#8217;0px&#8217; background_color=&#8221; src=&#8221; background_position=&#8217;top left&#8217; background_repeat=&#8217;no-repeat&#8217; animation=&#8221;]<\/p>\n<p>[av_heading heading=&#8217;Onsdag den 20. september blev der afholdt EN 1090 audit ved KAMI og COTECH&#8217; tag=&#8217;h2&#8242; style=&#8221; size=&#8221; subheading_active=&#8221; subheading_size=&#8217;15&#8217; padding=&#8217;10&#8217; color=&#8221; custom_font=&#8221;][\/av_heading]<\/p>\n<p>[av_textblock size=&#8221; font_color=&#8221; color=&#8221;]<br \/>\nAudit forl\u00f8b helt planm\u00e6ssigt og der var ingen afvigelser. Der var en masse at se p\u00e5 i produktionen \u2013 b\u00e5de rustfrit, aluminium, sort st\u00e5l og h\u00f8jstyrkest\u00e5l \u2013 s\u00e5 der var rig mulighed for at komme hele vejen rundt!<\/p>\n<p>Under audit blev der gennemg\u00e5et projekter, blandt andet et projekt hvor vores ingeni\u00f8rafdeling \u2013 COTECH \u2013 har varetaget dokumentationsdelen, fra fastl\u00e6ggelse af udf\u00f8relsesklasse (EXC-Klasse), til beregninger og udarbejdelse af produktionsgrundlag. Det var rigtigt godt at komme hele vejen rundt fra A-Z, s\u00e5 vores certificerende organ kan verificere og godkende os til at levere b\u00e5de dokumentationsdelen og produktionen \/ fremstillingen.<\/p>\n<p>KAMI og COTECH er helt klar til flere EN 1090 projekter s\u00e5 hvis du vil vide mere om hvad vi tilbyder er du velkommen til at kontakte os! Vi kan levere b\u00e5de beregninger og produktionsgrundlag samt konstruktioner i rustfrit, aluminium og sort st\u00e5l \u2013 helt efter EN 1090 standarden \u2013 og du bestemmer helt hvor meget af leverancen vi skal varetage!<br \/>\n[\/av_textblock]<\/p>\n<p>[\/av_two_third]<\/p>\n","protected":false},"excerpt":{"rendered":"<p>[av_one_third first min_height=&#8221; vertical_alignment=&#8221; space=&#8221; custom_margin=&#8221; margin=&#8217;0px&#8217; padding=&#8217;0px&#8217; border=&#8221; border_color=&#8221; radius=&#8217;0px&#8217; background_color=&#8221; src=&#8221; background_position=&#8217;top left&#8217; background_repeat=&#8217;no-repeat&#8217; animation=&#8221;] [av_textblock size=&#8221; font_color=&#8221; color=&#8221;] [\/av_textblock] [\/av_one_third] [av_two_third min_height=&#8221; vertical_alignment=&#8221; space=&#8221; custom_margin=&#8221; margin=&#8217;0px&#8217; padding=&#8217;0px&#8217; border=&#8221; border_color=&#8221; radius=&#8217;0px&#8217; background_color=&#8221; src=&#8221; background_position=&#8217;top left&#8217; background_repeat=&#8217;no-repeat&#8217; animation=&#8221;] [av_heading heading=&#8217;Onsdag den 20. september blev der afholdt EN 1090 audit ved KAMI og COTECH&#8217; tag=&#8217;h2&#8242; [&hellip;]<\/p>\n","protected":false},"author":4,"featured_media":0,"parent":0,"menu_order":0,"comment_status":"closed","ping_status":"closed","template":"","meta":{"_et_pb_use_builder":"","_et_pb_old_content":"","_et_gb_content_width":"","footnotes":""},"class_list":["post-18095","page","type-page","status-publish","hentry"],"yoast_head":"<!-- This site is optimized with the Yoast SEO plugin v27.1.1 - https:\/\/yoast.com\/product\/yoast-seo-wordpress\/ -->\n<title>EN 1090 audit well and truly over! - KAMI DK | Engineering og metal<\/title>\n<meta name=\"description\" content=\"On Wednesday, September 20, an EN 1090 audit was held at KAMI and COTECH. If you&#039;re curious how it went, read more here.\" \/>\n<meta name=\"robots\" content=\"index, follow, max-snippet:-1, max-image-preview:large, max-video-preview:-1\" \/>\n<link rel=\"canonical\" href=\"https:\/\/kami.dk\/en\/en-1090-audit-well-and-truly-over\/\" \/>\n<meta property=\"og:locale\" content=\"en_US\" \/>\n<meta property=\"og:type\" content=\"article\" \/>\n<meta property=\"og:title\" content=\"EN 1090 audit well and truly over! - KAMI DK | Engineering og metal\" \/>\n<meta property=\"og:description\" content=\"On Wednesday, September 20, an EN 1090 audit was held at KAMI and COTECH. If you&#039;re curious how it went, read more here.\" \/>\n<meta property=\"og:url\" content=\"https:\/\/kami.dk\/en\/en-1090-audit-well-and-truly-over\/\" \/>\n<meta property=\"og:site_name\" content=\"KAMI DK | Engineering og metal\" \/>\n<meta property=\"article:publisher\" content=\"https:\/\/www.facebook.com\/KAMIgruppen\" \/>\n<meta property=\"article:modified_time\" content=\"2023-09-14T07:45:10+00:00\" \/>\n<meta property=\"og:image\" content=\"https:\/\/kami.dk\/wp-content\/uploads\/2016\/09\/EN-1090-audit-i-produktionen-300x225.jpg\" \/>\n<meta name=\"twitter:label1\" content=\"Est. reading time\" \/>\n\t<meta name=\"twitter:data1\" content=\"2 minutes\" \/>\n<script type=\"application\/ld+json\" class=\"yoast-schema-graph\">{\"@context\":\"https:\/\/schema.org\",\"@graph\":[{\"@type\":\"WebPage\",\"@id\":\"https:\/\/kami.dk\/en\/en-1090-audit-well-and-truly-over\/\",\"url\":\"https:\/\/kami.dk\/en\/en-1090-audit-well-and-truly-over\/\",\"name\":\"EN 1090 audit well and truly over! - KAMI DK | Engineering og metal\",\"isPartOf\":{\"@id\":\"https:\/\/kami.dk\/en\/#website\"},\"primaryImageOfPage\":{\"@id\":\"https:\/\/kami.dk\/en\/en-1090-audit-well-and-truly-over\/#primaryimage\"},\"image\":{\"@id\":\"https:\/\/kami.dk\/en\/en-1090-audit-well-and-truly-over\/#primaryimage\"},\"thumbnailUrl\":\"https:\/\/kami.dk\/wp-content\/uploads\/2016\/09\/EN-1090-audit-i-produktionen-300x225.jpg\",\"datePublished\":\"2016-09-22T10:23:20+00:00\",\"dateModified\":\"2023-09-14T07:45:10+00:00\",\"description\":\"On Wednesday, September 20, an EN 1090 audit was held at KAMI and COTECH. If you're curious how it went, read more here.\",\"breadcrumb\":{\"@id\":\"https:\/\/kami.dk\/en\/en-1090-audit-well-and-truly-over\/#breadcrumb\"},\"inLanguage\":\"en-US\",\"potentialAction\":[{\"@type\":\"ReadAction\",\"target\":[\"https:\/\/kami.dk\/en\/en-1090-audit-well-and-truly-over\/\"]}]},{\"@type\":\"ImageObject\",\"inLanguage\":\"en-US\",\"@id\":\"https:\/\/kami.dk\/en\/en-1090-audit-well-and-truly-over\/#primaryimage\",\"url\":\"https:\/\/kami.dk\/wp-content\/uploads\/2016\/09\/EN-1090-audit-i-produktionen-300x225.jpg\",\"contentUrl\":\"https:\/\/kami.dk\/wp-content\/uploads\/2016\/09\/EN-1090-audit-i-produktionen-300x225.jpg\"},{\"@type\":\"BreadcrumbList\",\"@id\":\"https:\/\/kami.dk\/en\/en-1090-audit-well-and-truly-over\/#breadcrumb\",\"itemListElement\":[{\"@type\":\"ListItem\",\"position\":1,\"name\":\"Hjem\",\"item\":\"https:\/\/kami.dk\/en\/\"},{\"@type\":\"ListItem\",\"position\":2,\"name\":\"EN 1090 audit well and truly over!\"}]},{\"@type\":\"WebSite\",\"@id\":\"https:\/\/kami.dk\/en\/#website\",\"url\":\"https:\/\/kami.dk\/en\/\",\"name\":\"KAMI DK | Engineering og metal\",\"description\":\"KAMI udf\u00f8rer engineering og er ordreproducerende i sort st\u00e5l, h\u00f8jstyrkest\u00e5l, rustfrit st\u00e5l og aluminium\",\"potentialAction\":[{\"@type\":\"SearchAction\",\"target\":{\"@type\":\"EntryPoint\",\"urlTemplate\":\"https:\/\/kami.dk\/en\/?s={search_term_string}\"},\"query-input\":{\"@type\":\"PropertyValueSpecification\",\"valueRequired\":true,\"valueName\":\"search_term_string\"}}],\"inLanguage\":\"en-US\"}]}<\/script>\n<!-- \/ Yoast SEO plugin. -->","yoast_head_json":{"title":"EN 1090 audit well and truly over! - KAMI DK | Engineering og metal","description":"On Wednesday, September 20, an EN 1090 audit was held at KAMI and COTECH. If you're curious how it went, read more here.","robots":{"index":"index","follow":"follow","max-snippet":"max-snippet:-1","max-image-preview":"max-image-preview:large","max-video-preview":"max-video-preview:-1"},"canonical":"https:\/\/kami.dk\/en\/en-1090-audit-well-and-truly-over\/","og_locale":"en_US","og_type":"article","og_title":"EN 1090 audit well and truly over! - KAMI DK | Engineering og metal","og_description":"On Wednesday, September 20, an EN 1090 audit was held at KAMI and COTECH. If you're curious how it went, read more here.","og_url":"https:\/\/kami.dk\/en\/en-1090-audit-well-and-truly-over\/","og_site_name":"KAMI DK | Engineering og metal","article_publisher":"https:\/\/www.facebook.com\/KAMIgruppen","article_modified_time":"2023-09-14T07:45:10+00:00","og_image":[{"url":"https:\/\/kami.dk\/wp-content\/uploads\/2016\/09\/EN-1090-audit-i-produktionen-300x225.jpg","type":"","width":"","height":""}],"twitter_misc":{"Est. reading time":"2 minutes"},"schema":{"@context":"https:\/\/schema.org","@graph":[{"@type":"WebPage","@id":"https:\/\/kami.dk\/en\/en-1090-audit-well-and-truly-over\/","url":"https:\/\/kami.dk\/en\/en-1090-audit-well-and-truly-over\/","name":"EN 1090 audit well and truly over! - KAMI DK | Engineering og metal","isPartOf":{"@id":"https:\/\/kami.dk\/en\/#website"},"primaryImageOfPage":{"@id":"https:\/\/kami.dk\/en\/en-1090-audit-well-and-truly-over\/#primaryimage"},"image":{"@id":"https:\/\/kami.dk\/en\/en-1090-audit-well-and-truly-over\/#primaryimage"},"thumbnailUrl":"https:\/\/kami.dk\/wp-content\/uploads\/2016\/09\/EN-1090-audit-i-produktionen-300x225.jpg","datePublished":"2016-09-22T10:23:20+00:00","dateModified":"2023-09-14T07:45:10+00:00","description":"On Wednesday, September 20, an EN 1090 audit was held at KAMI and COTECH. If you're curious how it went, read more here.","breadcrumb":{"@id":"https:\/\/kami.dk\/en\/en-1090-audit-well-and-truly-over\/#breadcrumb"},"inLanguage":"en-US","potentialAction":[{"@type":"ReadAction","target":["https:\/\/kami.dk\/en\/en-1090-audit-well-and-truly-over\/"]}]},{"@type":"ImageObject","inLanguage":"en-US","@id":"https:\/\/kami.dk\/en\/en-1090-audit-well-and-truly-over\/#primaryimage","url":"https:\/\/kami.dk\/wp-content\/uploads\/2016\/09\/EN-1090-audit-i-produktionen-300x225.jpg","contentUrl":"https:\/\/kami.dk\/wp-content\/uploads\/2016\/09\/EN-1090-audit-i-produktionen-300x225.jpg"},{"@type":"BreadcrumbList","@id":"https:\/\/kami.dk\/en\/en-1090-audit-well-and-truly-over\/#breadcrumb","itemListElement":[{"@type":"ListItem","position":1,"name":"Hjem","item":"https:\/\/kami.dk\/en\/"},{"@type":"ListItem","position":2,"name":"EN 1090 audit well and truly over!"}]},{"@type":"WebSite","@id":"https:\/\/kami.dk\/en\/#website","url":"https:\/\/kami.dk\/en\/","name":"KAMI DK | Engineering og metal","description":"KAMI udf\u00f8rer engineering og er ordreproducerende i sort st\u00e5l, h\u00f8jstyrkest\u00e5l, rustfrit st\u00e5l og aluminium","potentialAction":[{"@type":"SearchAction","target":{"@type":"EntryPoint","urlTemplate":"https:\/\/kami.dk\/en\/?s={search_term_string}"},"query-input":{"@type":"PropertyValueSpecification","valueRequired":true,"valueName":"search_term_string"}}],"inLanguage":"en-US"}]}},"_links":{"self":[{"href":"https:\/\/kami.dk\/en\/wp-json\/wp\/v2\/pages\/18095","targetHints":{"allow":["GET"]}}],"collection":[{"href":"https:\/\/kami.dk\/en\/wp-json\/wp\/v2\/pages"}],"about":[{"href":"https:\/\/kami.dk\/en\/wp-json\/wp\/v2\/types\/page"}],"author":[{"embeddable":true,"href":"https:\/\/kami.dk\/en\/wp-json\/wp\/v2\/users\/4"}],"replies":[{"embeddable":true,"href":"https:\/\/kami.dk\/en\/wp-json\/wp\/v2\/comments?post=18095"}],"version-history":[{"count":0,"href":"https:\/\/kami.dk\/en\/wp-json\/wp\/v2\/pages\/18095\/revisions"}],"wp:attachment":[{"href":"https:\/\/kami.dk\/en\/wp-json\/wp\/v2\/media?parent=18095"}],"curies":[{"name":"wp","href":"https:\/\/api.w.org\/{rel}","templated":true}]}}