{"id":18016,"date":"2016-05-13T12:16:46","date_gmt":"2016-05-13T10:16:46","guid":{"rendered":"https:\/\/kami.dk\/1-5-km-pipeline-system-to-norway\/"},"modified":"2023-10-23T11:28:56","modified_gmt":"2023-10-23T09:28:56","slug":"1-5-km-pipeline-system-to-norway","status":"publish","type":"page","link":"https:\/\/kami.dk\/en\/1-5-km-pipeline-system-to-norway\/","title":{"rendered":"1.5 km pipeline system to Norway"},"content":{"rendered":"<p>[av_one_third first min_height=&#8221; vertical_alignment=&#8221; space=&#8221; custom_margin=&#8221; margin=&#8217;0px&#8217; padding=&#8217;0px&#8217; border=&#8221; border_color=&#8221; radius=&#8217;0px&#8217; background_color=&#8221; src=&#8221; background_position=&#8217;top left&#8217; background_repeat=&#8217;no-repeat&#8217; animation=&#8221;]<br \/>\n[av_textblock size=&#8221; font_color=&#8221; color=&#8221;]<br \/>\n<a href=\"https:\/\/kami.dk\/wp-content\/uploads\/2016\/05\/IMG_2185.jpg\"><img decoding=\"async\" class=\"alignnone wp-image-7093 size-medium\" title=\"levering af i alt 1,5 km r\u00f8rsystem til et sprinkleranl\u00e6g i Norge.\" src=\"https:\/\/kami.dk\/wp-content\/uploads\/2016\/05\/IMG_2185-300x225.jpg\" alt=\"levering af i alt 1,5 km r\u00f8rsystem til et sprinkleranl\u00e6g i Norge.\" width=\"300\" height=\"225\" \/><\/a><\/p>\n<p><a href=\"https:\/\/kami.dk\/wp-content\/uploads\/2016\/05\/IMG_2185-tilskaaret.jpg\"><img decoding=\"async\" class=\"alignnone wp-image-7095 size-medium\" title=\"hvert enkelte r\u00f8r er unikt og pakket, s\u00e5 montagen i Norge kan udf\u00f8res hurtigst muligt!\" src=\"https:\/\/kami.dk\/wp-content\/uploads\/2016\/05\/IMG_2185-tilskaaret-300x225.jpg\" alt=\"hvert enkelte r\u00f8r er unikt og pakket, s\u00e5 montagen i Norge kan udf\u00f8res hurtigst muligt!\" width=\"300\" height=\"225\" \/><\/a><\/p>\n<p><a href=\"https:\/\/kami.dk\/wp-content\/uploads\/2016\/05\/IMG_2186.jpg\"><img decoding=\"async\" class=\"alignnone wp-image-7094 size-medium\" title=\"Hele logistikdelen er varetaget af KAMI\" src=\"https:\/\/kami.dk\/wp-content\/uploads\/2016\/05\/IMG_2186-300x225.jpg\" alt=\"Hele logistikdelen er varetaget af KAMI\" width=\"300\" height=\"225\" \/><\/a><br \/>\n[\/av_textblock]<br \/>\n[\/av_one_third]<\/p>\n<p>[av_two_third min_height=&#8221; vertical_alignment=&#8221; space=&#8221; custom_margin=&#8221; margin=&#8217;0px&#8217; padding=&#8217;0px&#8217; border=&#8221; border_color=&#8221; radius=&#8217;0px&#8217; background_color=&#8221; src=&#8221; background_position=&#8217;top left&#8217; background_repeat=&#8217;no-repeat&#8217; animation=&#8221;]<\/p>\n<p>[av_heading tag=&#8217;h2&#8242; padding=&#8217;10&#8217; heading=&#8217;Hermed afsluttes et projekt til Norge&#8217; color=&#8221; style=&#8221; custom_font=&#8221; size=&#8221; subheading_active=&#8221; subheading_size=&#8217;15&#8217; custom_class=&#8221;][\/av_heading]<\/p>\n<p>[av_hr class=&#8217;invisible&#8217; height=&#8217;30&#8217; shadow=&#8217;no-shadow&#8217; position=&#8217;center&#8217; custom_border=&#8217;av-border-thin&#8217; custom_width=&#8217;50px&#8217; custom_border_color=&#8221; custom_margin_top=&#8217;30px&#8217; custom_margin_bottom=&#8217;30px&#8217; icon_select=&#8217;yes&#8217; custom_icon_color=&#8221; icon=&#8217;ue808&#8242; font=&#8217;entypo-fontello&#8217;]<\/p>\n<p>[av_textblock size=&#8221; font_color=&#8221; color=&#8221;]<br \/>\nMed disse billeder kan vi nu afslutte et vellykket projekt til Norge.<\/p>\n<p>Projektet har omhandlet levering af i alt 1,5 km r\u00f8rsystem til et sprinkleranl\u00e6g i Norge.<br \/>\nAfvikling af projektet er sket i flere etaper, med opstart ultimo 2015.<\/p>\n<h3>Produktionsdokumentation og\u00a0kvalitetssikringssystemet<\/h3>\n<p>KAMI og COTECH har v\u00e6ret ansvarlige for den endelige produktionsdokumentation, og udarbejdelse af kvalitetssikringssystemet i forbindelse med leverancen. Som et led i kvalitetssikringen er der foretaget NDT, for at sikre t\u00e6tte svejsninger, og r\u00f8rene er bejdset inden de er pakket og gjort klar til forsendelse.<\/p>\n<h3>Logistikken<\/h3>\n<p>Hele logistikdelen er varetaget af KAMI \u2013 hvert enkelte r\u00f8r er unikt og pakket, s\u00e5 montagen i Norge kan udf\u00f8res hurtigst muligt. Et stort projekt der har v\u00e6ret afviklet til kundens tilfredshed.<\/p>\n<h3>Kontakt os<\/h3>\n<p>Kontakt KAMI for at h\u00f8re mere om mulighederne \u2013 hvad enten du skal have afviklet et komplet projekt, du skal have udf\u00f8rt <a href=\"https:\/\/kami.dk\/processer\/\">engineering<\/a>, eller have produceret i rustfrit st\u00e5l, aluminium, sort st\u00e5l eller <a href=\"https:\/\/kami.dk\/processer\/svejsning-svejser-fyn\/pladebearbejdning-hoejstyrkestaal\">h\u00f8jstyrkest\u00e5l<\/a>.<br \/>\n[\/av_textblock]<\/p>\n<p>[\/av_two_third]<\/p>\n","protected":false},"excerpt":{"rendered":"<p>[av_one_third first min_height=&#8221; vertical_alignment=&#8221; space=&#8221; custom_margin=&#8221; margin=&#8217;0px&#8217; padding=&#8217;0px&#8217; border=&#8221; border_color=&#8221; radius=&#8217;0px&#8217; background_color=&#8221; src=&#8221; background_position=&#8217;top left&#8217; background_repeat=&#8217;no-repeat&#8217; animation=&#8221;] [av_textblock size=&#8221; font_color=&#8221; color=&#8221;] [\/av_textblock] [\/av_one_third] [av_two_third min_height=&#8221; vertical_alignment=&#8221; space=&#8221; custom_margin=&#8221; margin=&#8217;0px&#8217; padding=&#8217;0px&#8217; border=&#8221; border_color=&#8221; radius=&#8217;0px&#8217; background_color=&#8221; src=&#8221; background_position=&#8217;top left&#8217; background_repeat=&#8217;no-repeat&#8217; animation=&#8221;] [av_heading tag=&#8217;h2&#8242; padding=&#8217;10&#8217; heading=&#8217;Hermed afsluttes et projekt til Norge&#8217; color=&#8221; style=&#8221; custom_font=&#8221; size=&#8221; subheading_active=&#8221; subheading_size=&#8217;15&#8217; custom_class=&#8221;][\/av_heading] [&hellip;]<\/p>\n","protected":false},"author":4,"featured_media":0,"parent":0,"menu_order":0,"comment_status":"closed","ping_status":"closed","template":"","meta":{"_et_pb_use_builder":"","_et_pb_old_content":"","_et_gb_content_width":"","footnotes":""},"class_list":["post-18016","page","type-page","status-publish","hentry"],"yoast_head":"<!-- This site is optimized with the Yoast SEO plugin v27.1.1 - https:\/\/yoast.com\/product\/yoast-seo-wordpress\/ -->\n<title>News - Successful project in Norway - 1.5 km pipe system<\/title>\n<meta name=\"description\" content=\"KAMI has just completed a large project in Norway. We have delivered 1.5 km. piping system. From production to the development of the quality assurance system.\" \/>\n<meta name=\"robots\" content=\"index, follow, max-snippet:-1, max-image-preview:large, max-video-preview:-1\" \/>\n<link rel=\"canonical\" href=\"https:\/\/kami.dk\/en\/1-5-km-pipeline-system-to-norway\/\" \/>\n<meta property=\"og:locale\" content=\"en_US\" \/>\n<meta property=\"og:type\" content=\"article\" \/>\n<meta property=\"og:title\" content=\"News - Successful project in Norway - 1.5 km pipe system\" \/>\n<meta property=\"og:description\" content=\"KAMI has just completed a large project in Norway. We have delivered 1.5 km. piping system. From production to the development of the quality assurance system.\" \/>\n<meta property=\"og:url\" content=\"https:\/\/kami.dk\/en\/1-5-km-pipeline-system-to-norway\/\" \/>\n<meta property=\"og:site_name\" content=\"KAMI DK | Engineering og metal\" \/>\n<meta property=\"article:publisher\" content=\"https:\/\/www.facebook.com\/KAMIgruppen\" \/>\n<meta property=\"article:modified_time\" content=\"2023-10-23T09:28:56+00:00\" \/>\n<meta property=\"og:image\" content=\"https:\/\/kami.dk\/wp-content\/uploads\/2016\/05\/IMG_2185-300x225.jpg\" \/>\n<meta name=\"twitter:label1\" content=\"Est. reading time\" \/>\n\t<meta name=\"twitter:data1\" content=\"2 minutes\" \/>\n<script type=\"application\/ld+json\" class=\"yoast-schema-graph\">{\"@context\":\"https:\/\/schema.org\",\"@graph\":[{\"@type\":\"WebPage\",\"@id\":\"https:\/\/kami.dk\/en\/1-5-km-pipeline-system-to-norway\/\",\"url\":\"https:\/\/kami.dk\/en\/1-5-km-pipeline-system-to-norway\/\",\"name\":\"News - Successful project in Norway - 1.5 km pipe system\",\"isPartOf\":{\"@id\":\"https:\/\/kami.dk\/en\/#website\"},\"primaryImageOfPage\":{\"@id\":\"https:\/\/kami.dk\/en\/1-5-km-pipeline-system-to-norway\/#primaryimage\"},\"image\":{\"@id\":\"https:\/\/kami.dk\/en\/1-5-km-pipeline-system-to-norway\/#primaryimage\"},\"thumbnailUrl\":\"https:\/\/kami.dk\/wp-content\/uploads\/2016\/05\/IMG_2185-300x225.jpg\",\"datePublished\":\"2016-05-13T10:16:46+00:00\",\"dateModified\":\"2023-10-23T09:28:56+00:00\",\"description\":\"KAMI has just completed a large project in Norway. We have delivered 1.5 km. piping system. From production to the development of the quality assurance system.\",\"breadcrumb\":{\"@id\":\"https:\/\/kami.dk\/en\/1-5-km-pipeline-system-to-norway\/#breadcrumb\"},\"inLanguage\":\"en-US\",\"potentialAction\":[{\"@type\":\"ReadAction\",\"target\":[\"https:\/\/kami.dk\/en\/1-5-km-pipeline-system-to-norway\/\"]}]},{\"@type\":\"ImageObject\",\"inLanguage\":\"en-US\",\"@id\":\"https:\/\/kami.dk\/en\/1-5-km-pipeline-system-to-norway\/#primaryimage\",\"url\":\"https:\/\/kami.dk\/wp-content\/uploads\/2016\/05\/IMG_2185-300x225.jpg\",\"contentUrl\":\"https:\/\/kami.dk\/wp-content\/uploads\/2016\/05\/IMG_2185-300x225.jpg\"},{\"@type\":\"BreadcrumbList\",\"@id\":\"https:\/\/kami.dk\/en\/1-5-km-pipeline-system-to-norway\/#breadcrumb\",\"itemListElement\":[{\"@type\":\"ListItem\",\"position\":1,\"name\":\"Hjem\",\"item\":\"https:\/\/kami.dk\/en\/\"},{\"@type\":\"ListItem\",\"position\":2,\"name\":\"1.5 km pipeline system to Norway\"}]},{\"@type\":\"WebSite\",\"@id\":\"https:\/\/kami.dk\/en\/#website\",\"url\":\"https:\/\/kami.dk\/en\/\",\"name\":\"KAMI DK | Engineering og metal\",\"description\":\"KAMI udf\u00f8rer engineering og er ordreproducerende i sort st\u00e5l, h\u00f8jstyrkest\u00e5l, rustfrit st\u00e5l og aluminium\",\"potentialAction\":[{\"@type\":\"SearchAction\",\"target\":{\"@type\":\"EntryPoint\",\"urlTemplate\":\"https:\/\/kami.dk\/en\/?s={search_term_string}\"},\"query-input\":{\"@type\":\"PropertyValueSpecification\",\"valueRequired\":true,\"valueName\":\"search_term_string\"}}],\"inLanguage\":\"en-US\"}]}<\/script>\n<!-- \/ Yoast SEO plugin. -->","yoast_head_json":{"title":"News - Successful project in Norway - 1.5 km pipe system","description":"KAMI has just completed a large project in Norway. We have delivered 1.5 km. piping system. From production to the development of the quality assurance system.","robots":{"index":"index","follow":"follow","max-snippet":"max-snippet:-1","max-image-preview":"max-image-preview:large","max-video-preview":"max-video-preview:-1"},"canonical":"https:\/\/kami.dk\/en\/1-5-km-pipeline-system-to-norway\/","og_locale":"en_US","og_type":"article","og_title":"News - Successful project in Norway - 1.5 km pipe system","og_description":"KAMI has just completed a large project in Norway. We have delivered 1.5 km. piping system. From production to the development of the quality assurance system.","og_url":"https:\/\/kami.dk\/en\/1-5-km-pipeline-system-to-norway\/","og_site_name":"KAMI DK | Engineering og metal","article_publisher":"https:\/\/www.facebook.com\/KAMIgruppen","article_modified_time":"2023-10-23T09:28:56+00:00","og_image":[{"url":"https:\/\/kami.dk\/wp-content\/uploads\/2016\/05\/IMG_2185-300x225.jpg","type":"","width":"","height":""}],"twitter_misc":{"Est. reading time":"2 minutes"},"schema":{"@context":"https:\/\/schema.org","@graph":[{"@type":"WebPage","@id":"https:\/\/kami.dk\/en\/1-5-km-pipeline-system-to-norway\/","url":"https:\/\/kami.dk\/en\/1-5-km-pipeline-system-to-norway\/","name":"News - Successful project in Norway - 1.5 km pipe system","isPartOf":{"@id":"https:\/\/kami.dk\/en\/#website"},"primaryImageOfPage":{"@id":"https:\/\/kami.dk\/en\/1-5-km-pipeline-system-to-norway\/#primaryimage"},"image":{"@id":"https:\/\/kami.dk\/en\/1-5-km-pipeline-system-to-norway\/#primaryimage"},"thumbnailUrl":"https:\/\/kami.dk\/wp-content\/uploads\/2016\/05\/IMG_2185-300x225.jpg","datePublished":"2016-05-13T10:16:46+00:00","dateModified":"2023-10-23T09:28:56+00:00","description":"KAMI has just completed a large project in Norway. We have delivered 1.5 km. piping system. From production to the development of the quality assurance system.","breadcrumb":{"@id":"https:\/\/kami.dk\/en\/1-5-km-pipeline-system-to-norway\/#breadcrumb"},"inLanguage":"en-US","potentialAction":[{"@type":"ReadAction","target":["https:\/\/kami.dk\/en\/1-5-km-pipeline-system-to-norway\/"]}]},{"@type":"ImageObject","inLanguage":"en-US","@id":"https:\/\/kami.dk\/en\/1-5-km-pipeline-system-to-norway\/#primaryimage","url":"https:\/\/kami.dk\/wp-content\/uploads\/2016\/05\/IMG_2185-300x225.jpg","contentUrl":"https:\/\/kami.dk\/wp-content\/uploads\/2016\/05\/IMG_2185-300x225.jpg"},{"@type":"BreadcrumbList","@id":"https:\/\/kami.dk\/en\/1-5-km-pipeline-system-to-norway\/#breadcrumb","itemListElement":[{"@type":"ListItem","position":1,"name":"Hjem","item":"https:\/\/kami.dk\/en\/"},{"@type":"ListItem","position":2,"name":"1.5 km pipeline system to Norway"}]},{"@type":"WebSite","@id":"https:\/\/kami.dk\/en\/#website","url":"https:\/\/kami.dk\/en\/","name":"KAMI DK | Engineering og metal","description":"KAMI udf\u00f8rer engineering og er ordreproducerende i sort st\u00e5l, h\u00f8jstyrkest\u00e5l, rustfrit st\u00e5l og aluminium","potentialAction":[{"@type":"SearchAction","target":{"@type":"EntryPoint","urlTemplate":"https:\/\/kami.dk\/en\/?s={search_term_string}"},"query-input":{"@type":"PropertyValueSpecification","valueRequired":true,"valueName":"search_term_string"}}],"inLanguage":"en-US"}]}},"_links":{"self":[{"href":"https:\/\/kami.dk\/en\/wp-json\/wp\/v2\/pages\/18016","targetHints":{"allow":["GET"]}}],"collection":[{"href":"https:\/\/kami.dk\/en\/wp-json\/wp\/v2\/pages"}],"about":[{"href":"https:\/\/kami.dk\/en\/wp-json\/wp\/v2\/types\/page"}],"author":[{"embeddable":true,"href":"https:\/\/kami.dk\/en\/wp-json\/wp\/v2\/users\/4"}],"replies":[{"embeddable":true,"href":"https:\/\/kami.dk\/en\/wp-json\/wp\/v2\/comments?post=18016"}],"version-history":[{"count":0,"href":"https:\/\/kami.dk\/en\/wp-json\/wp\/v2\/pages\/18016\/revisions"}],"wp:attachment":[{"href":"https:\/\/kami.dk\/en\/wp-json\/wp\/v2\/media?parent=18016"}],"curies":[{"name":"wp","href":"https:\/\/api.w.org\/{rel}","templated":true}]}}