{"id":18004,"date":"2018-06-06T11:53:11","date_gmt":"2018-06-06T09:53:11","guid":{"rendered":"https:\/\/kami.dk\/cookie-and-privacy-policy\/"},"modified":"2026-03-04T10:11:31","modified_gmt":"2026-03-04T09:11:31","slug":"cookie-and-privacy-policy","status":"publish","type":"page","link":"https:\/\/kami.dk\/en\/cookie-and-privacy-policy\/","title":{"rendered":"Cookie and privacy policy"},"content":{"rendered":"<p>[et_pb_section fb_built=&#8221;1&#8243; _builder_version=&#8221;4.19.5&#8243; _module_preset=&#8221;default&#8221; global_colors_info=&#8221;{}&#8221; theme_builder_area=&#8221;post_content&#8221;][et_pb_row _builder_version=&#8221;4.17.1&#8243; _module_preset=&#8221;default&#8221; global_colors_info=&#8221;{}&#8221; theme_builder_area=&#8221;post_content&#8221;][et_pb_column type=&#8221;4_4&#8243; _builder_version=&#8221;4.17.1&#8243; _module_preset=&#8221;default&#8221; global_colors_info=&#8221;{}&#8221; theme_builder_area=&#8221;post_content&#8221;][et_pb_text header_font=&#8221;||||||||&#8221; header_2_font=&#8221;Poppins|700|||||||&#8221; header_2_font_size=&#8221;38px&#8221; header_2_letter_spacing=&#8221;1px&#8221; header_2_line_height=&#8221;1.4em&#8221; header_3_font=&#8221;Poppins|700||on|||||&#8221; header_3_text_color=&#8221;#E09900&#8243; header_3_font_size=&#8221;16px&#8221; header_3_letter_spacing=&#8221;2px&#8221; header_3_line_height=&#8221;1.8em&#8221; text_font=&#8221;||||||||&#8221; text_font_size=&#8221;16px&#8221; text_line_height=&#8221;2em&#8221; _builder_version=&#8221;4.20.4&#8243; _module_preset=&#8221;632aa30b-9e7a-4386-913b-b2712dc286e2&#8243; hover_enabled=&#8221;0&#8243; global_colors_info=&#8221;{}&#8221; theme_builder_area=&#8221;post_content&#8221; sticky_enabled=&#8221;0&#8243;]<\/p>\n<h1><span>Cookie and privacy policy<\/span><\/h1>\n<p><strong>Introduction<br \/><\/strong>When you visit our website, information about you is collected that is used to personalize and improve our content and to increase the value of the ads displayed on the site. If you do not want information to be collected, you should delete your cookies(see instructions) and refrain from further use of the website. Below we have elaborated on what information is collected, its purpose and which third parties have access to it.<\/p>\n<p><strong>Cookies<\/strong><br \/>The website uses &#8220;cookies&#8221;, which is a text file that is stored on your computer, mobile phone or similar for the purpose of recognizing it, remembering settings, performing statistics and targeting ads. Cookies cannot contain malicious code such as viruses.<\/p>\n<p>It is possible to delete or block cookies. See the guide:<span> <\/span>http:\/\/minecookies.org\/cookiehandtering<\/p>\n<p>If you delete or block cookies, ads may become less relevant to you and appear more frequently. You may also risk that the website does not function optimally and that there is content you cannot access.<\/p>\n<p>The website contains cookies from third parties, which may include, to varying degrees:<\/p>\n<p>[\/et_pb_text][et_pb_code _builder_version=&#8221;4.20.1&#8243; _module_preset=&#8221;default&#8221; global_colors_info=&#8221;{}&#8221; theme_builder_area=&#8221;post_content&#8221;][\/et_pb_code][et_pb_text header_font=&#8221;||||||||&#8221; header_2_font=&#8221;Poppins|700|||||||&#8221; header_2_font_size=&#8221;38px&#8221; header_2_letter_spacing=&#8221;1px&#8221; header_2_line_height=&#8221;1.4em&#8221; header_3_font=&#8221;Poppins|700||on|||||&#8221; header_3_text_color=&#8221;#E09900&#8243; header_3_font_size=&#8221;16px&#8221; header_3_letter_spacing=&#8221;2px&#8221; header_3_line_height=&#8221;1.8em&#8221; text_font=&#8221;||||||||&#8221; text_font_size=&#8221;16px&#8221; text_line_height=&#8221;2em&#8221; _builder_version=&#8221;4.20.4&#8243; _module_preset=&#8221;632aa30b-9e7a-4386-913b-b2712dc286e2&#8243; hover_enabled=&#8221;0&#8243; global_colors_info=&#8221;{}&#8221; theme_builder_area=&#8221;post_content&#8221; sticky_enabled=&#8221;0&#8243;]<\/p>\n<p><strong>Personal data<\/strong><\/p>\n<p><strong>General<br \/><\/strong>Personal data is any kind of information that can be attributed to you to some extent. When you use our website, we collect and process a range of such information. This happens, for example, when you access content, sign up for our newsletter, participate in competitions or surveys, register as a user or subscriber, use other services or make purchases via the website.<\/p>\n<p>We typically collect and process the following types of information: A unique ID and technical information about your computer, tablet or mobile phone, your IP number, geographical location and which pages you click on (interests). To the extent that you explicitly consent to this and enter the information yourself, the following will also be processed Name, telephone number, e-mail, address and payment details. This will typically be in connection with creating a login or making a purchase.<\/p>\n<p><strong>Security<br \/><\/strong>We have taken technical and organizational measures to prevent your data from being accidentally or illegally deleted, published, lost, impaired or disclosed to unauthorized persons, misused or otherwise processed in violation of the law.<\/p>\n<p><strong>Purpose<br \/><\/strong>The information is used to identify you as a user and show you the ads that are most likely to be relevant to you, to register your purchases and payments, and to provide the services you have requested, such as sending a newsletter. In addition, we use the information to optimize our services and content.<\/p>\n<p><strong>Retention period<br \/><\/strong>The data is stored for the period permitted by law and we delete it when it is no longer needed. The period depends on the nature of the information and the reason for storage. It is therefore not possible to give a general timeframe for when information is deleted.<\/p>\n<p><strong>Disclosure of information<br \/><\/strong>Data about your use of the website, which ads you receive and possibly click on, geographical location, gender and age segment, etc. is disclosed to third parties to the extent that this information is known. You can see which third parties these are in the &#8220;Cookies&#8221; section above. The information is used to target advertising.<\/p>\n<p>We also use a number of third parties for data storage and processing. They only process data on our behalf and may not use it for their own purposes.<\/p>\n<p>Disclosure of personal data such as name and email etc. will only happen if you consent to it. We only use data processors in the EU or in countries that can provide adequate protection for your data.<\/p>\n<p><strong>Insights and complaints<br \/><\/strong>You have the right to know what personal data we process about you. You can also object to the use of information at any time. You can also withdraw your consent to the processing of your data. If the data processed about you is incorrect, you have the right to have it corrected or deleted. Inquiries can be sent to: <a href=\"mailto:kami@kami.dk.185-210-177-47.mpf2.medieplanfyn.dk\">kami@kami.dk.185-210-177-47.mpf2.medieplanfyn.dk<\/a>. If you want to complain about our processing of your personal data, you can also contact the Danish <a href=\"http:\/\/www.datatilsynet.dk\/\">Data Protection Agency<\/a>.<\/p>\n<p><strong>Publisher<br \/><\/strong>This website is owned and published by:<\/p>\n<p><span>KAMI<\/span><br \/><span>L. Frandsensvej 5<\/span><br \/><span>5600 Faaborg<\/span><br \/><span>Denmark<\/span><br \/>Phone: <a href=\"tel:63617778\">+45 63 61 77 78 78<\/a><br \/>Email: <a href=\"mailto:kami@kami.dk.185-210-177-47.mpf2.medieplanfyn.dk\">kami@kami.dk.185-210-177-47.mpf2.medieplanfyn.dk<\/a><\/p>\n<p>[\/et_pb_text][\/et_pb_column][\/et_pb_row][\/et_pb_section]<\/p>\n","protected":false},"excerpt":{"rendered":"<p>Cookie and privacy policy IntroductionWhen you visit our website, information about you is collected that is used to personalize and improve our content and to increase the value of the ads displayed on the site. If you do not want information to be collected, you should delete your cookies(see instructions) and refrain from further use [&hellip;]<\/p>\n","protected":false},"author":15,"featured_media":0,"parent":0,"menu_order":100,"comment_status":"closed","ping_status":"closed","template":"","meta":{"_et_pb_use_builder":"on","_et_pb_old_content":"","_et_gb_content_width":"","footnotes":""},"class_list":["post-18004","page","type-page","status-publish","hentry"],"yoast_head":"<!-- This site is optimized with the Yoast SEO plugin v27.1.1 - https:\/\/yoast.com\/product\/yoast-seo-wordpress\/ -->\n<title>Cookie and privacy policy - KAMI DK | Engineering og metal<\/title>\n<meta name=\"robots\" content=\"noindex, nofollow\" \/>\n<meta property=\"og:locale\" content=\"en_US\" \/>\n<meta property=\"og:type\" content=\"article\" \/>\n<meta property=\"og:title\" content=\"Cookie and privacy policy - KAMI DK | Engineering og metal\" \/>\n<meta property=\"og:description\" content=\"Cookie and privacy policy IntroductionWhen you visit our website, information about you is collected that is used to personalize and improve our content and to increase the value of the ads displayed on the site. If you do not want information to be collected, you should delete your cookies(see instructions) and refrain from further use [&hellip;]\" \/>\n<meta property=\"og:url\" content=\"https:\/\/kami.dk\/en\/cookie-and-privacy-policy\/\" \/>\n<meta property=\"og:site_name\" content=\"KAMI DK | Engineering og metal\" \/>\n<meta property=\"article:publisher\" content=\"https:\/\/www.facebook.com\/KAMIgruppen\" \/>\n<meta property=\"article:modified_time\" content=\"2026-03-04T09:11:31+00:00\" \/>\n<meta name=\"twitter:label1\" content=\"Est. reading time\" \/>\n\t<meta name=\"twitter:data1\" content=\"5 minutes\" \/>\n<script type=\"application\/ld+json\" class=\"yoast-schema-graph\">{\"@context\":\"https:\/\/schema.org\",\"@graph\":[{\"@type\":\"WebPage\",\"@id\":\"https:\/\/kami.dk\/en\/cookie-and-privacy-policy\/\",\"url\":\"https:\/\/kami.dk\/en\/cookie-and-privacy-policy\/\",\"name\":\"Cookie and privacy policy - KAMI DK | Engineering og metal\",\"isPartOf\":{\"@id\":\"https:\/\/kami.dk\/en\/#website\"},\"datePublished\":\"2018-06-06T09:53:11+00:00\",\"dateModified\":\"2026-03-04T09:11:31+00:00\",\"breadcrumb\":{\"@id\":\"https:\/\/kami.dk\/en\/cookie-and-privacy-policy\/#breadcrumb\"},\"inLanguage\":\"en-US\",\"potentialAction\":[{\"@type\":\"ReadAction\",\"target\":[\"https:\/\/kami.dk\/en\/cookie-and-privacy-policy\/\"]}]},{\"@type\":\"BreadcrumbList\",\"@id\":\"https:\/\/kami.dk\/en\/cookie-and-privacy-policy\/#breadcrumb\",\"itemListElement\":[{\"@type\":\"ListItem\",\"position\":1,\"name\":\"Hjem\",\"item\":\"https:\/\/kami.dk\/en\/\"},{\"@type\":\"ListItem\",\"position\":2,\"name\":\"Cookie and privacy policy\"}]},{\"@type\":\"WebSite\",\"@id\":\"https:\/\/kami.dk\/en\/#website\",\"url\":\"https:\/\/kami.dk\/en\/\",\"name\":\"KAMI DK | Engineering og metal\",\"description\":\"KAMI udf\u00f8rer engineering og er ordreproducerende i sort st\u00e5l, h\u00f8jstyrkest\u00e5l, rustfrit st\u00e5l og aluminium\",\"potentialAction\":[{\"@type\":\"SearchAction\",\"target\":{\"@type\":\"EntryPoint\",\"urlTemplate\":\"https:\/\/kami.dk\/en\/?s={search_term_string}\"},\"query-input\":{\"@type\":\"PropertyValueSpecification\",\"valueRequired\":true,\"valueName\":\"search_term_string\"}}],\"inLanguage\":\"en-US\"}]}<\/script>\n<!-- \/ Yoast SEO plugin. -->","yoast_head_json":{"title":"Cookie and privacy policy - KAMI DK | Engineering og metal","robots":{"index":"noindex","follow":"nofollow"},"og_locale":"en_US","og_type":"article","og_title":"Cookie and privacy policy - KAMI DK | Engineering og metal","og_description":"Cookie and privacy policy IntroductionWhen you visit our website, information about you is collected that is used to personalize and improve our content and to increase the value of the ads displayed on the site. If you do not want information to be collected, you should delete your cookies(see instructions) and refrain from further use [&hellip;]","og_url":"https:\/\/kami.dk\/en\/cookie-and-privacy-policy\/","og_site_name":"KAMI DK | Engineering og metal","article_publisher":"https:\/\/www.facebook.com\/KAMIgruppen","article_modified_time":"2026-03-04T09:11:31+00:00","twitter_misc":{"Est. reading time":"5 minutes"},"schema":{"@context":"https:\/\/schema.org","@graph":[{"@type":"WebPage","@id":"https:\/\/kami.dk\/en\/cookie-and-privacy-policy\/","url":"https:\/\/kami.dk\/en\/cookie-and-privacy-policy\/","name":"Cookie and privacy policy - KAMI DK | Engineering og metal","isPartOf":{"@id":"https:\/\/kami.dk\/en\/#website"},"datePublished":"2018-06-06T09:53:11+00:00","dateModified":"2026-03-04T09:11:31+00:00","breadcrumb":{"@id":"https:\/\/kami.dk\/en\/cookie-and-privacy-policy\/#breadcrumb"},"inLanguage":"en-US","potentialAction":[{"@type":"ReadAction","target":["https:\/\/kami.dk\/en\/cookie-and-privacy-policy\/"]}]},{"@type":"BreadcrumbList","@id":"https:\/\/kami.dk\/en\/cookie-and-privacy-policy\/#breadcrumb","itemListElement":[{"@type":"ListItem","position":1,"name":"Hjem","item":"https:\/\/kami.dk\/en\/"},{"@type":"ListItem","position":2,"name":"Cookie and privacy policy"}]},{"@type":"WebSite","@id":"https:\/\/kami.dk\/en\/#website","url":"https:\/\/kami.dk\/en\/","name":"KAMI DK | Engineering og metal","description":"KAMI udf\u00f8rer engineering og er ordreproducerende i sort st\u00e5l, h\u00f8jstyrkest\u00e5l, rustfrit st\u00e5l og aluminium","potentialAction":[{"@type":"SearchAction","target":{"@type":"EntryPoint","urlTemplate":"https:\/\/kami.dk\/en\/?s={search_term_string}"},"query-input":{"@type":"PropertyValueSpecification","valueRequired":true,"valueName":"search_term_string"}}],"inLanguage":"en-US"}]}},"_links":{"self":[{"href":"https:\/\/kami.dk\/en\/wp-json\/wp\/v2\/pages\/18004","targetHints":{"allow":["GET"]}}],"collection":[{"href":"https:\/\/kami.dk\/en\/wp-json\/wp\/v2\/pages"}],"about":[{"href":"https:\/\/kami.dk\/en\/wp-json\/wp\/v2\/types\/page"}],"author":[{"embeddable":true,"href":"https:\/\/kami.dk\/en\/wp-json\/wp\/v2\/users\/15"}],"replies":[{"embeddable":true,"href":"https:\/\/kami.dk\/en\/wp-json\/wp\/v2\/comments?post=18004"}],"version-history":[{"count":1,"href":"https:\/\/kami.dk\/en\/wp-json\/wp\/v2\/pages\/18004\/revisions"}],"predecessor-version":[{"id":21660,"href":"https:\/\/kami.dk\/en\/wp-json\/wp\/v2\/pages\/18004\/revisions\/21660"}],"wp:attachment":[{"href":"https:\/\/kami.dk\/en\/wp-json\/wp\/v2\/media?parent=18004"}],"curies":[{"name":"wp","href":"https:\/\/api.w.org\/{rel}","templated":true}]}}